{"id":8338,"date":"2026-02-02T10:36:55","date_gmt":"2026-02-02T10:36:55","guid":{"rendered":"https:\/\/hotelyola.com\/?page_id=8338"},"modified":"2026-02-02T11:06:57","modified_gmt":"2026-02-02T11:06:57","slug":"avis-legal","status":"publish","type":"page","link":"https:\/\/hotelyola.com\/ca\/l-hotel\/serveis\/avis-legal\/","title":{"rendered":"Av\u00eds Legal"},"content":{"rendered":"\t\t<div data-elementor-type=\"wp-page\" data-elementor-id=\"8338\" class=\"elementor elementor-8338 elementor-893\" data-elementor-post-type=\"page\">\n\t\t\t\t\t\t<section class=\"elementor-section elementor-top-section elementor-element elementor-element-1431c2d elementor-section-full_width elementor-section-height-default elementor-section-height-default\" data-id=\"1431c2d\" data-element_type=\"section\">\n\t\t\t\t\t\t<div class=\"elementor-container elementor-column-gap-default\">\n\t\t\t\t\t<div class=\"elementor-column elementor-col-100 elementor-top-column elementor-element elementor-element-417f905\" data-id=\"417f905\" data-element_type=\"column\">\n\t\t\t<div class=\"elementor-widget-wrap elementor-element-populated\">\n\t\t\t\t\t\t<div class=\"elementor-element elementor-element-7524c9d elementor-widget elementor-widget-heading\" data-id=\"7524c9d\" data-element_type=\"widget\" data-widget_type=\"heading.default\">\n\t\t\t\t\t<h2 class=\"elementor-heading-title elementor-size-default\">Av\u00eds Legal<\/h2>\t\t\t\t<\/div>\n\t\t\t\t<div class=\"elementor-element elementor-element-56ce9e4 elementor-widget-divider--view-line elementor-widget elementor-widget-divider\" data-id=\"56ce9e4\" data-element_type=\"widget\" data-widget_type=\"divider.default\">\n\t\t\t\t\t\t\t<div class=\"elementor-divider\">\n\t\t\t<span class=\"elementor-divider-separator\">\n\t\t\t\t\t\t<\/span>\n\t\t<\/div>\n\t\t\t\t\t\t<\/div>\n\t\t\t\t<div class=\"elementor-element elementor-element-491e669 elementor-widget elementor-widget-heading\" data-id=\"491e669\" data-element_type=\"widget\" data-widget_type=\"heading.default\">\n\t\t\t\t\t<h2 class=\"elementor-heading-title elementor-size-default\">DATOS IDENTIFICATIVOS<\/h2>\t\t\t\t<\/div>\n\t\t\t\t<div class=\"elementor-element elementor-element-61c0476 elementor-widget elementor-widget-text-editor\" data-id=\"61c0476\" data-element_type=\"widget\" data-widget_type=\"text-editor.default\">\n\t\t\t\t\t\t\t\t\t<p>En compliment amb el deure informaci\u00f3 recollit a l&#8217;article 10 de la Llei 34\/2002, d&#8217;11 de juliol, de Serveis de la Societat de la Informaci\u00f3 i del Comer\u00e7 Electr\u00f2nic, a continuaci\u00f3 \u00e9s reflecteixen els dades seg\u00fcents:<\/p><p>L&#8217;empresa titular d&#8217;aquesta web \u00e9s <span style=\"color: #003366;\"><strong>TIBERIYOLA, SL.\u00a0<\/strong><\/span>(d&#8217;ara endavant, \u201cel titular\u201d)<br \/><span style=\"color: #003366;\"><strong>NIF\/CIF:<\/strong><\/span>\u00a0B 43065523<br \/><span style=\"color: #003366;\"><strong>Adre\u00e7a:<\/strong><\/span>\u00a0Via Augusta , 50 43893 ALTAFULLA<br \/><span style=\"color: #003366;\"><strong>Email:<\/strong><\/span>\u00a0info@hotelyola.com<\/p><p><span style=\"color: #003366;\"><strong>USUARIS<\/strong><\/span><\/p><p>L&#8217;acc\u00e9s i\/o \u00fas d&#8217;aquest portal atribueix la condici\u00f3 d&#8217;Usuari, que accepta, des d&#8217;aquest acc\u00e9s i\/o \u00fas, les Condicions Generals d&#8217;\u00das aqu\u00ed reflectides. Les citades Condicions seran aplicable independentment de les Condicions Generals de Contractaci\u00f3 que si \u00e9s el cas resultin d&#8217;obligat compliment.<\/p><p><span style=\"color: #003366;\"><strong>\u00daS DEL PORTAL<\/strong><\/span><\/p><p>Aquesta web proporciona l&#8217;acc\u00e9s a multitud d&#8217;informacions, serveis, programes o dades (d&#8217;ara endavant, \u00abels continguts\u00bb) en Internet pertanyents al titular o als seus llicenciadors als quals l&#8217;Usuari pugui tenir acc\u00e9s. L&#8217;Usuari assumeix la responsabilitat de l&#8217;\u00fas del portal. Aquesta responsabilitat s&#8217;est\u00e9n al registre que fos necessari per a accedir a determinats serveis o continguts.<br \/>En aquest registre l&#8217;Usuari ser\u00e0 responsable d&#8217;aportar informaci\u00f3 vera\u00e7 i l\u00edcita. A conseq\u00fc\u00e8ncia d&#8217;aquest registre, a l&#8217;Usuari se li pot proporcionar una contrasenya de la qual ser\u00e0 responsable, comprometent-se a fer un \u00fas diligent i confidencial d&#8217;aquesta. L&#8217;Usuari es compromet a fer un \u00fas adequat dels continguts i serveis (com per exemple serveis de xat, f\u00f2rums de discussi\u00f3 o grups de not\u00edcies) que el titular ofereix a trav\u00e9s del seu portal i amb car\u00e0cter enunciatiu per\u00f2 no limitatiu, a no emprar-los per a (i) inc\u00f3rrer en activitats il\u00b7l\u00edcites, il\u00b7legals o contr\u00e0ries a la bona fe i a l&#8217;ordre p\u00fablic; (ii) difondre continguts o propaganda de car\u00e0cter racista, xen\u00f2fob, pornogr\u00e0fic, il\u00b7legal, d&#8217;apologia del terrorisme o atemptatori contra els drets humans; (iii) provocar danys en els sistemes f\u00edsics i l\u00f2gics del titular, dels seus prove\u00efdors o de terceres persones, introduir o difondre en la xarxa virus inform\u00e0tics o qualssevol altres sistemes f\u00edsics o l\u00f2gics que siguin susceptibles de provocar els danys anteriorment esmentats; (iv) intentar accedir i, si \u00e9s el cas, utilitzar els comptes de correu electr\u00f2nic d&#8217;altres Usuaris i modificar o manipular els seus missatges.<br \/>El titular es reserva el dret de retirar tots aquells comentaris i aportacions que vulnerin el respecte a la dignitat de la persona, que siguin discriminatoris, xen\u00f2fobs, racistes, pornogr\u00e0fics, que atemptin contra la joventut o la inf\u00e0ncia, l&#8217;ordre o la seguretat p\u00fablica o que, al seu judici, no resultessin adequats per a la seva publicaci\u00f3. En qualsevol cas, el titular no ser\u00e0 responsable de les opinions abocades pels Usuaris a trav\u00e9s dels f\u00f2rums, xats, o altres eines de participaci\u00f3.<\/p><p><span style=\"color: #003366;\"><strong>POL\u00cdTICA DE PRIVACITAT<\/strong><\/span><\/p><p>Si us plau consulti la p\u00e0gina Pol\u00edtica de Privacitat.<\/p><p><span style=\"color: #003366;\"><strong>PROTECCI\u00d3 DE DADES<\/strong><\/span><\/p><p>Si us plau consulti la p\u00e0gina Pol\u00edtica de Privacitat.<\/p><p><span style=\"color: #003366;\"><strong>\u00daS DE COOKIES<\/strong><\/span><\/p><p>Si us plau consulti la p\u00e0gina Pol\u00edtica de Privacitat.<\/p><p><span style=\"color: #003366;\"><strong>PROPIETAT INTEL\u00b7LECTUAL I INDUSTRIAL<\/strong><\/span><\/p><p>El titular, per si o com a cessionari, \u00e9s titular de tots els drets de propietat intel\u00b7lectual i industrial de la seva p\u00e0gina web, aix\u00ed com dels elements continguts en la mateixa (a t\u00edtol enunciatiu, imatges, so, \u00e0udio, v\u00eddeo, programari o textos; marques o logotips, combinacions de colors, estructura i disseny, selecci\u00f3 de materials usats, programes d&#8217;ordinador necessaris per al seu funcionament, acc\u00e9s i \u00fas, etc.), titularitat del titular o b\u00e9 dels seus llicenciadors.<br \/>Tots els drets reservats. En virtut del que es disposa en els articles 8 i 32.1, par\u00e0graf segon, de la Llei de Propietat Intel\u00b7lectual, queden expressament prohibides la reproducci\u00f3, la distribuci\u00f3 i la comunicaci\u00f3 p\u00fablica, inclosa la seva modalitat de posada a disposici\u00f3, de la totalitat o part dels continguts d&#8217;aquesta p\u00e0gina web, amb finalitats comercials, en qualsevol suport i per qualsevol mitj\u00e0 t\u00e8cnic, sense l&#8217;autoritzaci\u00f3 del titular. L&#8217;Usuari es compromet a respectar els drets de Propietat Intel\u00b7lectual i Industrial titularitat del titular. Podr\u00e0 visualitzar els elements del portal i fins i tot imprimir-los, copiar-los i emmagatzemar-los en el disc dur del seu ordinador o en qualsevol altre suport f\u00edsic sempre que sigui, exclusivament, per al seu \u00fas personal i privat. L&#8217;Usuari haur\u00e0 d&#8217;abstenir-se de suprimir, alterar, eludir o manipular qualsevol dispositiu de protecci\u00f3 o sistema de seguretat que estigu\u00e9s instal\u00b7lat en el les p\u00e0gines d&#8217;aquesta web.<\/p><p><span style=\"color: #003366;\"><strong>EXCLUSI\u00d3 DE GARANTIES I RESPONSABILITAT<\/strong><\/span><\/p><p>El titular o es fa responsable, en cap cas, dels danys i perjudicis de qualsevol naturalesa que poguessin ocasionar, a t\u00edtol enunciatiu: errors o omissions en els continguts, falta de disponibilitat del portal o la transmissi\u00f3 de virus o programes maliciosos o lesius en els continguts, malgrat haver adoptat totes les mesures tecnol\u00f2giques necess\u00e0ries per a evitar-ho.<\/p><p><span style=\"color: #003366;\"><strong>MODIFICACIONS<\/strong><\/span><\/p><p>El titular es reserva el dret d&#8217;efectuar sense previ av\u00eds les modificacions que consideri oportunes en el seu portal, podent canviar, suprimir o afegir tant els continguts i serveis que es prestin a trav\u00e9s de la mateixa com la forma en la qual aquests apareguin presentats o localitzats en el seu portal.<\/p><p><span style=\"color: #003366;\"><strong>ENLLA\u00c7OS<\/strong><\/span><\/p><p>En el cas que en aquesta web es disposessin enlla\u00e7os o enlla\u00e7os feia altres llocs d&#8217;Internet, el titular no exercir\u00e0 cap mena de control sobre aquests llocs i continguts. En cap cas el titular assumir\u00e0 cap responsabilitat pels continguts d&#8217;algun enlla\u00e7 pertanyent a un lloc web ali\u00e8, ni garantir\u00e0 la disponibilitat t\u00e8cnica, qualitat, fiabilitat, exactitud, amplitud, veracitat, validesa i constitucionalitat de qualsevol material o informaci\u00f3 continguda en cap d&#8217;aquests enlla\u00e7os o altres llocs d&#8217;Internet. Igualment la inclusi\u00f3 d&#8217;aquestes connexions externes no implicar\u00e0 cap mena d&#8217;associaci\u00f3, fusi\u00f3 o participaci\u00f3 amb les entitats connectades.<\/p><p><span style=\"color: #003366;\"><strong>DRET D&#8217;EXCLUSI\u00d3<\/strong><\/span><\/p><p>El titular es reserva el dret a denegar o retirar l&#8217;acc\u00e9s a portal i\/o els serveis oferts sense necessitat de preav\u00eds, a inst\u00e0ncia pr\u00f2pia o d&#8217;un tercer, a aquells Usuaris que incompleixin les presents Condicions Generals d&#8217;\u00das.<\/p><p><span style=\"color: #003366;\"><strong>GENERALITATS<\/strong><\/span><\/p><p>El titular perseguir\u00e0 l&#8217;incompliment de les presents condicions aix\u00ed com qualsevol utilitzaci\u00f3 indeguda del seu portal exercint totes les accions civils i penals que li puguin correspondre en dret.<\/p><p><span style=\"color: #003366;\"><strong>MODIFICACI\u00d3 DE LES PRESENTS CONDICIONS I DURADA<\/strong><\/span><\/p><p>El titular podr\u00e0 modificar en qualsevol moment les condicions aqu\u00ed determinades, sent degudament publicades com aqu\u00ed apareixen. La vig\u00e8ncia de les citades condicions anir\u00e0 en funci\u00f3 de la seva exposici\u00f3 i estaran vigents fins que siguin modificades per unes altres degudament publicades.<\/p><p><span style=\"color: #003366;\"><strong>LEGISLACI\u00d3 APLICABLE I JURISDICCI\u00d3<\/strong><\/span><\/p><p>La relaci\u00f3 entre el titular i l&#8217;Usuari es regir\u00e0 per la normativa espanyola vigent i qualsevol controv\u00e8rsia se sotmetr\u00e0 als Jutjats i tribunals de la ciutat de TARRAGONA .Tiberiyola, SL.<\/p>\t\t\t\t\t\t\t\t<\/div>\n\t\t\t\t\t<\/div>\n\t\t<\/div>\n\t\t\t\t\t<\/div>\n\t\t<\/section>\n\t\t\t\t<\/div>\n\t\t","protected":false},"excerpt":{"rendered":"<p>Av\u00eds Legal DATOS IDENTIFICATIVOS En compliment amb el deure informaci\u00f3 recollit a l&#8217;article 10 de la Llei 34\/2002, d&#8217;11 de juliol, de Serveis de la Societat de la Informaci\u00f3 i del Comer\u00e7 Electr\u00f2nic, a continuaci\u00f3 \u00e9s reflecteixen els dades seg\u00fcents: L&#8217;empresa titular d&#8217;aquesta web \u00e9s TIBERIYOLA, SL.\u00a0(d&#8217;ara endavant, \u201cel titular\u201d)NIF\/CIF:\u00a0B 43065523Adre\u00e7a:\u00a0Via Augusta , 50 43893 [&hellip;]<\/p>\n","protected":false},"author":9,"featured_media":0,"parent":1518,"menu_order":0,"comment_status":"closed","ping_status":"closed","template":"","meta":{"_monsterinsights_skip_tracking":false,"_monsterinsights_sitenote_active":false,"_monsterinsights_sitenote_note":"","_monsterinsights_sitenote_category":0,"footnotes":""},"class_list":["post-8338","page","type-page","status-publish","hentry"],"_links":{"self":[{"href":"https:\/\/hotelyola.com\/ca\/wp-json\/wp\/v2\/pages\/8338","targetHints":{"allow":["GET"]}}],"collection":[{"href":"https:\/\/hotelyola.com\/ca\/wp-json\/wp\/v2\/pages"}],"about":[{"href":"https:\/\/hotelyola.com\/ca\/wp-json\/wp\/v2\/types\/page"}],"author":[{"embeddable":true,"href":"https:\/\/hotelyola.com\/ca\/wp-json\/wp\/v2\/users\/9"}],"replies":[{"embeddable":true,"href":"https:\/\/hotelyola.com\/ca\/wp-json\/wp\/v2\/comments?post=8338"}],"version-history":[{"count":10,"href":"https:\/\/hotelyola.com\/ca\/wp-json\/wp\/v2\/pages\/8338\/revisions"}],"predecessor-version":[{"id":8364,"href":"https:\/\/hotelyola.com\/ca\/wp-json\/wp\/v2\/pages\/8338\/revisions\/8364"}],"up":[{"embeddable":true,"href":"https:\/\/hotelyola.com\/ca\/wp-json\/wp\/v2\/pages\/1518"}],"wp:attachment":[{"href":"https:\/\/hotelyola.com\/ca\/wp-json\/wp\/v2\/media?parent=8338"}],"curies":[{"name":"wp","href":"https:\/\/api.w.org\/{rel}","templated":true}]}}