{"id":2673,"date":"2025-07-08T11:42:52","date_gmt":"2025-07-08T11:42:52","guid":{"rendered":"https:\/\/hotelyola.com\/?page_id=2673"},"modified":"2026-02-02T10:26:42","modified_gmt":"2026-02-02T10:26:42","slug":"declaracio-daccessibilitat","status":"publish","type":"page","link":"https:\/\/hotelyola.com\/ca\/l-hotel\/serveis\/declaracio-daccessibilitat\/","title":{"rendered":"Declaraci\u00f3 d&#8217;Accessibilitat"},"content":{"rendered":"\t\t<div data-elementor-type=\"wp-page\" data-elementor-id=\"2673\" class=\"elementor elementor-2673 elementor-2665\" data-elementor-post-type=\"page\">\n\t\t\t\t\t\t<section class=\"elementor-section elementor-top-section elementor-element elementor-element-e38be29 elementor-section-full_width elementor-section-height-default elementor-section-height-default\" data-id=\"e38be29\" data-element_type=\"section\">\n\t\t\t\t\t\t<div class=\"elementor-container elementor-column-gap-default\">\n\t\t\t\t\t<div class=\"elementor-column elementor-col-100 elementor-top-column elementor-element elementor-element-efdcbb5\" data-id=\"efdcbb5\" data-element_type=\"column\">\n\t\t\t<div class=\"elementor-widget-wrap elementor-element-populated\">\n\t\t\t\t\t\t<div class=\"elementor-element elementor-element-4481a7d elementor-widget elementor-widget-heading\" data-id=\"4481a7d\" data-element_type=\"widget\" data-widget_type=\"heading.default\">\n\t\t\t\t\t<h2 class=\"elementor-heading-title elementor-size-default\">Declaraci\u00f3 d'accessibilitat<\/h2>\t\t\t\t<\/div>\n\t\t\t\t<div class=\"elementor-element elementor-element-3d1f801 elementor-widget-divider--view-line elementor-widget elementor-widget-divider\" data-id=\"3d1f801\" data-element_type=\"widget\" data-widget_type=\"divider.default\">\n\t\t\t\t\t\t\t<div class=\"elementor-divider\">\n\t\t\t<span class=\"elementor-divider-separator\">\n\t\t\t\t\t\t<\/span>\n\t\t<\/div>\n\t\t\t\t\t\t<\/div>\n\t\t\t\t<div class=\"elementor-element elementor-element-e53d581 elementor-widget elementor-widget-text-editor\" data-id=\"e53d581\" data-element_type=\"widget\" data-widget_type=\"text-editor.default\">\n\t\t\t\t\t\t\t\t\t<p><strong><span style=\"color: #003366;\">HOTEL YOLA S.L.&nbsp;<\/span><\/strong>s&#8217;ha comprom\u00e8s a fer accessibles els seus llocs web de conformitat amb el <span style=\"color: #003366;\">Reial<\/span> decret 1112\/2018, de 7 de setembre, sobre accessibilitat dels llocs web i aplicacions per a dispositius m\u00f2bils (d&#8217;ara endavant,&nbsp;Reial decret 1112\/2018, de 7 de setembre).<\/p>\n<p>La present declaraci\u00f3 d&#8217;accessibilitat s&#8217;aplica al lloc web:&nbsp;https:\/\/hotelyola.com&nbsp;(els subdominis d&#8217;aquest lloc web tindran les seves pr\u00f2pies declaracions d&#8217;accessibilitat).<\/p>\n<h3><span style=\"color: #003366;\"><strong>Situaci\u00f3 de compliment<\/strong><\/span><\/h3>\n<p>Aquest lloc web \u00e9s&nbsp;<strong><span style=\"color: #003366;\">parcialment conforme<\/span><\/strong>&nbsp;amb el Reial decret 1112\/2018, de 7 de setembre, a causa de la falta de conformitat dels aspectes que s&#8217;indiquen a continuaci\u00f3.<\/p>\n<h3><span style=\"color: #003366;\"><strong>Contingut no accessible<\/strong><\/span><\/h3>\n<p>El contingut que es recull a continuaci\u00f3 no \u00e9s accessible pel seg\u00fcent:<\/p>\n<ol>\n<li><strong><strong><span style=\"color: #003366;\">Falta de conformitat amb el Reial decret 1112\/2018, de 7 de setembre:<\/span><\/strong><\/strong>\n<p><\/p>\n<p>Podrien existir fallades puntuals d&#8217;edici\u00f3 en alguna p\u00e0gina web, tant en continguts HTML com en documents finals, publicats en data posterior al 20 de setembre de 2018 (data d&#8217;entrada en vigor del Reial decret). Concretament, pot haver-hi errors en documents que contenen gr\u00e0fics, taules complexes o aquells signats electr\u00f2nicament abans de la seva revisi\u00f3 d&#8217;accessibilitat.<\/p><\/li>\n<li><span style=\"color: #003366;\"><span style=\"color: #003366;\"><strong>C\u00e0rrega desproporcionada:<\/strong><\/span><\/span>\n<p><\/p>\n<p>No aplica.<\/p><\/li>\n<li><span style=\"color: #003366;\"><strong>El contingut no entra dins de l&#8217;\u00e0mbit de la legislaci\u00f3 aplicable:<br><\/strong><\/span>Existeixen arxius en PDF o altres formats publicats abans del 20 de setembre de 2018 que no compleixen \u00edntegrament tots els requisits d&#8217;accessibilitat.<\/li>\n<\/ol>\n<h3><strong><span style=\"color: #003366;\">Preparaci\u00f3 de la present declaraci\u00f3 d&#8217;accessibilitat<\/span><\/strong><\/h3>\n<p>La present declaraci\u00f3 va ser preparada el&nbsp;<span style=\"color: #003366;\"><strong>3 de juliol de 2025.<\/strong><\/span><\/p>\n<p>El m\u00e8tode emprat per a preparar la declaraci\u00f3 ha estat una autoavaluaci\u00f3 duta a terme per la pr\u00f2pia empresa amb el suport d&#8217;eines autom\u00e0tiques de validaci\u00f3 com&nbsp;<strong><span style=\"color: #003366;\">AChecker Web Accessibility Checker.<\/span><\/strong><\/p>\n<p><span style=\"color: #003366;\"><strong>\u00daltima revisi\u00f3 de la declaraci\u00f3:<\/strong><\/span>&nbsp;3 de juliol de 2025.<\/p><p><br><\/p>\n<h3><strong><span style=\"color: #003366;\">Observacions i dades de contacte<\/span><\/strong><\/h3>\n<p>Pot realitzar comunicacions sobre requisits d&#8217;accessibilitat (article 10.2.a del Reial decret 1112\/2018, de 7 de setembre), com per exemple:<\/p>\n<ul>\n<li>Informar sobre qualsevol possible incompliment per part d&#8217;aquest lloc web.<\/li>\n<li>Transmetre altres dificultats d&#8217;acc\u00e9s al contingut.<\/li>\n<li>Formular qualsevol altra consulta o suggeriment de millora relativa a l&#8217;accessibilitat del lloc web.<\/li>\n<\/ul>\n<p><span style=\"color: #003366;\"><strong>A trav\u00e9s de les seg\u00fcents vies:<\/strong><\/span><\/p>\n<ul>\n<li><strong>Correu electr\u00f2nic:<\/strong> info@hotelyola.com<\/li>\n<li><strong>Tel\u00e8fon:<\/strong>&nbsp;+34 977 65 03 87<\/li>\n<\/ul>\n<p>Les comunicacions seran rebudes i tractades pel departament responsable dels continguts d&#8217;aquest lloc web.<\/p>\n<h3>&nbsp;<\/h3>\n<h3><strong><span style=\"color: #003366;\">Sol\u00b7licituds d&#8217;informaci\u00f3 accessible i queixes<\/span><\/strong><\/h3>\n<p>Tamb\u00e9 pot sol\u00b7licitar en format accessible la informaci\u00f3 que no compleixi amb els requisits d&#8217;accessibilitat (b\u00e9 per estar exclosa, b\u00e9 per estar exempta per c\u00e0rrega desproporcionada), o formular una queixa per incompliment dels requisits d&#8217;accessibilitat.<\/p>\n<h3><strong><span style=\"color: #003366;\">Procediment d&#8217;aplicaci\u00f3<\/span><\/strong><\/h3>\n<p>A trav\u00e9s d&#8217;aquest procediment podr\u00e0 iniciar una reclamaci\u00f3 per a:<\/p>\n<ul>\n<li>Con\u00e8ixer i oposar-se als motius de la desestimaci\u00f3 d&#8217;una sol\u00b7licitud d&#8217;informaci\u00f3 accessible o queixa.<\/li>\n<li>Instar l&#8217;adopci\u00f3 de mesures oportunes en cas de no estar d&#8217;acord amb la decisi\u00f3 adoptada.<\/li>\n<li>Exposar les raons per les quals es considera que la resposta no compleix amb els requisits exigits.<\/li>\n<\/ul>\n<p>Utilitzi les dades de contacte anteriorment exposats. La reclamaci\u00f3 ser\u00e0 dirigida a la Unitat responsable d&#8217;accessibilitat o a un superior jer\u00e0rquic d&#8217;aquesta.<\/p>\n<h3><strong><span style=\"color: #003366;\">Contingut opcional<\/span><\/strong><\/h3>\n<p>El lloc web:<\/p>\n<ul>\n<li>S&#8217;ha dissenyat adaptant-se als est\u00e0ndards i normatives vigents en relaci\u00f3 a l&#8217;accessibilitat, complint amb els punts de verificaci\u00f3 de prioritat 2 (AA) definits en l&#8217;especificaci\u00f3 de les Pautes d&#8217;Accessibilitat al Contingut en la Web (WCAG 2.1).<\/li>\n<li>Est\u00e0 optimitzat per a les \u00faltimes versions vigents de&nbsp;<strong><span style=\"color: #003366;\">Chrome, Edge, Firefox, Safari i Opera.<\/span><\/strong><\/li>\n<li>Est\u00e0 dissenyat per a la seva correcta visualitzaci\u00f3 en qualsevol resoluci\u00f3 i dispositiu d&#8217;escriptori, tauleta o m\u00f2bil (disseny responsive).<\/li>\n<li>S&#8217;ha desenvolupat utilitzant <strong><span style=\"color: #003366;\">HTML5<\/span><\/strong>&nbsp;com a llenguatge de marcat i&nbsp;<strong><span style=\"color: #003366;\">CSS3<\/span><\/strong>&nbsp;per al seu disseny.<\/li>\n<\/ul>\n<p>Addicionalment, es fa un treball continu d&#8217;auditoria i revisi\u00f3 de continguts per a facilitar la seva interpretaci\u00f3 i millorar la navegaci\u00f3 pel portal web.<\/p>\t\t\t\t\t\t\t\t<\/div>\n\t\t\t\t\t<\/div>\n\t\t<\/div>\n\t\t\t\t\t<\/div>\n\t\t<\/section>\n\t\t\t\t<\/div>\n\t\t","protected":false},"excerpt":{"rendered":"<p>Declaraci\u00f3 d&#8217;accessibilitat HOTEL YOLA S.L.&nbsp;s&#8217;ha comprom\u00e8s a fer accessibles els seus llocs web de conformitat amb el Reial decret 1112\/2018, de 7 de setembre, sobre accessibilitat dels llocs web i aplicacions per a dispositius m\u00f2bils (d&#8217;ara endavant,&nbsp;Reial decret 1112\/2018, de 7 de setembre). La present declaraci\u00f3 d&#8217;accessibilitat s&#8217;aplica al lloc web:&nbsp;https:\/\/hotelyola.com&nbsp;(els subdominis d&#8217;aquest lloc web [&hellip;]<\/p>\n","protected":false},"author":5,"featured_media":0,"parent":1518,"menu_order":0,"comment_status":"closed","ping_status":"closed","template":"","meta":{"_monsterinsights_skip_tracking":false,"_monsterinsights_sitenote_active":false,"_monsterinsights_sitenote_note":"","_monsterinsights_sitenote_category":0,"footnotes":""},"class_list":["post-2673","page","type-page","status-publish","hentry"],"_links":{"self":[{"href":"https:\/\/hotelyola.com\/ca\/wp-json\/wp\/v2\/pages\/2673","targetHints":{"allow":["GET"]}}],"collection":[{"href":"https:\/\/hotelyola.com\/ca\/wp-json\/wp\/v2\/pages"}],"about":[{"href":"https:\/\/hotelyola.com\/ca\/wp-json\/wp\/v2\/types\/page"}],"author":[{"embeddable":true,"href":"https:\/\/hotelyola.com\/ca\/wp-json\/wp\/v2\/users\/5"}],"replies":[{"embeddable":true,"href":"https:\/\/hotelyola.com\/ca\/wp-json\/wp\/v2\/comments?post=2673"}],"version-history":[{"count":10,"href":"https:\/\/hotelyola.com\/ca\/wp-json\/wp\/v2\/pages\/2673\/revisions"}],"predecessor-version":[{"id":8331,"href":"https:\/\/hotelyola.com\/ca\/wp-json\/wp\/v2\/pages\/2673\/revisions\/8331"}],"up":[{"embeddable":true,"href":"https:\/\/hotelyola.com\/ca\/wp-json\/wp\/v2\/pages\/1518"}],"wp:attachment":[{"href":"https:\/\/hotelyola.com\/ca\/wp-json\/wp\/v2\/media?parent=2673"}],"curies":[{"name":"wp","href":"https:\/\/api.w.org\/{rel}","templated":true}]}}