{"id":1589,"date":"2018-11-30T12:56:23","date_gmt":"2018-11-30T12:56:23","guid":{"rendered":"https:\/\/hotelyola.com\/?page_id=1589"},"modified":"2026-01-30T10:30:37","modified_gmt":"2026-01-30T10:30:37","slug":"restaurant","status":"publish","type":"page","link":"https:\/\/hotelyola.com\/ca\/restaurant\/","title":{"rendered":"restaurant"},"content":{"rendered":"\t\t<div data-elementor-type=\"wp-page\" data-elementor-id=\"1589\" class=\"elementor elementor-1589 elementor-165\" data-elementor-post-type=\"page\">\n\t\t\t\t\t\t<section class=\"elementor-section elementor-top-section elementor-element elementor-element-a21a228 elementor-section-full_width elementor-section-height-default elementor-section-height-default\" data-id=\"a21a228\" data-element_type=\"section\" data-settings=\"{&quot;background_background&quot;:&quot;classic&quot;}\">\n\t\t\t\t\t\t<div class=\"elementor-container elementor-column-gap-default\">\n\t\t\t\t\t<div class=\"elementor-column elementor-col-100 elementor-top-column elementor-element elementor-element-dd132aa\" data-id=\"dd132aa\" data-element_type=\"column\">\n\t\t\t<div class=\"elementor-widget-wrap elementor-element-populated\">\n\t\t\t\t\t\t<div class=\"elementor-element elementor-element-57c6f85 elementor-widget elementor-widget-image\" data-id=\"57c6f85\" data-element_type=\"widget\" data-widget_type=\"image.default\">\n\t\t\t\t\t\t\t\t\t\t\t\t\t\t\t<img decoding=\"async\" width=\"233\" height=\"201\" src=\"https:\/\/hotelyola.com\/wp-content\/uploads\/LOGO-TIBERI-sense-fondo-2.png\" class=\"attachment-large size-large wp-image-6191\" alt=\"LOGO-TIBERI-sense-fondo.\" \/>\t\t\t\t\t\t\t\t\t\t\t\t\t\t\t<\/div>\n\t\t\t\t<div class=\"elementor-element elementor-element-b42c907 elementor-widget elementor-widget-heading\" data-id=\"b42c907\" data-element_type=\"widget\" data-widget_type=\"heading.default\">\n\t\t\t\t\t<h1 class=\"elementor-heading-title elementor-size-default\">El Tiberi \u00b7 Altafulla  |  El Tiberi \u00b7 Tarragona<\/h1>\t\t\t\t<\/div>\n\t\t\t\t<div class=\"elementor-element elementor-element-8d3a3ed elementor-widget elementor-widget-heading\" data-id=\"8d3a3ed\" data-element_type=\"widget\" data-widget_type=\"heading.default\">\n\t\t\t\t\t<h2 class=\"elementor-heading-title elementor-size-default\">RESTAURANT BUFET DE GASTRONOMIA CATALANA<\/h2>\t\t\t\t<\/div>\n\t\t\t\t\t<\/div>\n\t\t<\/div>\n\t\t\t\t\t<\/div>\n\t\t<\/section>\n\t\t\t\t<section class=\"elementor-section elementor-top-section elementor-element elementor-element-d4cbafd elementor-section-boxed elementor-section-height-default elementor-section-height-default\" data-id=\"d4cbafd\" data-element_type=\"section\" data-settings=\"{&quot;background_background&quot;:&quot;classic&quot;}\">\n\t\t\t\t\t\t<div class=\"elementor-container elementor-column-gap-default\">\n\t\t\t\t\t<div class=\"elementor-column elementor-col-50 elementor-top-column elementor-element elementor-element-d9c7497\" data-id=\"d9c7497\" data-element_type=\"column\">\n\t\t\t<div class=\"elementor-widget-wrap elementor-element-populated\">\n\t\t\t\t\t\t<div class=\"elementor-element elementor-element-0968540 elementor-widget__width-initial elementor-widget elementor-widget-text-editor\" data-id=\"0968540\" data-element_type=\"widget\" data-widget_type=\"text-editor.default\">\n\t\t\t\t\t\t\t\t\t<p>Volem que mengi molt b\u00e9 i sabem que, encara que estigui de vacances, li agrada menjar com a casa. Per aix\u00f2, en el nostre restaurant &#8220;El Tiberi&#8221; podr\u00e0 degustar una gran varietat de plats de la m\u00e9s t\u00edpica gastronomia catalana i mediterr\u00e0nia. Trobar\u00e0, amanides, arrossos, pasta, verdures, carns i peixos, sense oblidar totes les nostres postres fetes a casa i la fruita de temporada.<\/p>\t\t\t\t\t\t\t\t<\/div>\n\t\t\t\t\t<\/div>\n\t\t<\/div>\n\t\t\t\t<div class=\"elementor-column elementor-col-50 elementor-top-column elementor-element elementor-element-18bf819 elementor-hidden-tablet elementor-hidden-mobile\" data-id=\"18bf819\" data-element_type=\"column\">\n\t\t\t<div class=\"elementor-widget-wrap elementor-element-populated\">\n\t\t\t\t\t\t<div class=\"elementor-element elementor-element-4714f0a elementor-widget__width-initial elementor-widget elementor-widget-text-editor\" data-id=\"4714f0a\" data-element_type=\"widget\" data-widget_type=\"text-editor.default\">\n\t\t\t\t\t\t\t\t\t<p>Tenim molta cura en l&#8217;elecci\u00f3 de tots els nostres ingredients per a elaborar les nostres receptes i utilitzem productes de proximitat km0, que garanteixen la seva frescor i qualitat.<br \/>Apostem per la dieta mediterr\u00e0nia que \u00e9s saludable i beneficiosa, sense perdre el gust per les receptes tradicionals que elaboraven les nostres \u00e0vies.<\/p>\t\t\t\t\t\t\t\t<\/div>\n\t\t\t\t\t<\/div>\n\t\t<\/div>\n\t\t\t\t\t<\/div>\n\t\t<\/section>\n\t\t\t\t<section class=\"elementor-section elementor-top-section elementor-element elementor-element-031061c elementor-section-boxed elementor-section-height-default elementor-section-height-default\" data-id=\"031061c\" data-element_type=\"section\" data-settings=\"{&quot;background_background&quot;:&quot;classic&quot;}\">\n\t\t\t\t\t\t<div class=\"elementor-container elementor-column-gap-default\">\n\t\t\t\t\t<div class=\"elementor-column elementor-col-100 elementor-top-column elementor-element elementor-element-3163d92 elementor-hidden-desktop\" data-id=\"3163d92\" data-element_type=\"column\">\n\t\t\t<div class=\"elementor-widget-wrap elementor-element-populated\">\n\t\t\t\t\t\t<div class=\"elementor-element elementor-element-b53aa70 elementor-widget__width-initial elementor-widget elementor-widget-text-editor\" data-id=\"b53aa70\" data-element_type=\"widget\" data-widget_type=\"text-editor.default\">\n\t\t\t\t\t\t\t\t\t<p>Tenemos mucho cuidado en la elecci\u00f3n de todos nuestros ingredientes para elaborar nuestras recetas y utilizamos productos de cercan\u00eda km0, que garantizan su frescura y calidad.<br \/>Apostamos por la dieta mediterr\u00e1nea que es saludable y beneficiosa, sin perder el gusto por las recetas tradicionales que elaboraban nuestras abuelas.<\/p>\t\t\t\t\t\t\t\t<\/div>\n\t\t\t\t\t<\/div>\n\t\t<\/div>\n\t\t\t\t\t<\/div>\n\t\t<\/section>\n\t\t\t\t<section class=\"elementor-section elementor-top-section elementor-element elementor-element-95aa1f2 elementor-section-boxed elementor-section-height-default elementor-section-height-default\" data-id=\"95aa1f2\" data-element_type=\"section\" data-settings=\"{&quot;background_background&quot;:&quot;classic&quot;}\">\n\t\t\t\t\t\t<div class=\"elementor-container elementor-column-gap-default\">\n\t\t\t\t\t<div class=\"elementor-column elementor-col-100 elementor-top-column elementor-element elementor-element-0838bc5\" data-id=\"0838bc5\" data-element_type=\"column\">\n\t\t\t<div class=\"elementor-widget-wrap elementor-element-populated\">\n\t\t\t\t\t\t<div class=\"elementor-element elementor-element-c5e6e09 elementor-widget__width-initial elementor-widget elementor-widget-text-editor\" data-id=\"c5e6e09\" data-element_type=\"widget\" data-widget_type=\"text-editor.default\">\n\t\t\t\t\t\t\t\t\t<p>Serveixi&#8217;s lliurement els seus plats favorits, i deixi&#8217;s aconsellar pel nostre servei, que li recomanar\u00e0 el que m\u00e9s s&#8217;ajusti als seus gustos.<br \/>Si t\u00e9 necessitat d&#8217;alguna dieta especial, \u00e9s cel\u00edac, vegetari\u00e0 o veg\u00e0, no dubti a comunicar-ho al nostre personal, ells li donaran les millors opcions i li oferiran plats diversos perqu\u00e8 pugui menjar de manera variada.<\/p>\t\t\t\t\t\t\t\t<\/div>\n\t\t\t\t<div class=\"elementor-element elementor-element-0970670 elementor-widget elementor-widget-image\" data-id=\"0970670\" data-element_type=\"widget\" data-widget_type=\"image.default\">\n\t\t\t\t\t\t\t\t\t\t\t\t\t\t\t<img fetchpriority=\"high\" decoding=\"async\" width=\"524\" height=\"355\" src=\"https:\/\/hotelyola.com\/wp-content\/uploads\/El-tiberio-logo-03-1.png\" class=\"attachment-large size-large wp-image-6194\" alt=\"El-tiberio-logo\" srcset=\"https:\/\/hotelyola.com\/wp-content\/uploads\/El-tiberio-logo-03-1.png 524w, https:\/\/hotelyola.com\/wp-content\/uploads\/El-tiberio-logo-03-1-300x203.png 300w\" sizes=\"(max-width: 524px) 100vw, 524px\" \/>\t\t\t\t\t\t\t\t\t\t\t\t\t\t\t<\/div>\n\t\t\t\t\t<\/div>\n\t\t<\/div>\n\t\t\t\t\t<\/div>\n\t\t<\/section>\n\t\t\t\t<section class=\"elementor-section elementor-top-section elementor-element elementor-element-8108f8f elementor-section-full_width elementor-section-height-default elementor-section-height-default\" data-id=\"8108f8f\" data-element_type=\"section\">\n\t\t\t\t\t\t<div class=\"elementor-container elementor-column-gap-default\">\n\t\t\t\t\t<div class=\"elementor-column elementor-col-33 elementor-top-column elementor-element elementor-element-c943097\" data-id=\"c943097\" data-element_type=\"column\">\n\t\t\t<div class=\"elementor-widget-wrap elementor-element-populated\">\n\t\t\t\t\t\t<div class=\"elementor-element elementor-element-c24b3b1 elementor-widget elementor-widget-image\" data-id=\"c24b3b1\" data-element_type=\"widget\" data-widget_type=\"image.default\">\n\t\t\t\t\t\t\t\t\t\t\t\t\t\t\t<img decoding=\"async\" width=\"800\" height=\"869\" src=\"https:\/\/hotelyola.com\/wp-content\/uploads\/Hotel-Yola-Arros-1.png\" class=\"attachment-large size-large wp-image-6197\" alt=\"Hotel-Yola-Arros\" srcset=\"https:\/\/hotelyola.com\/wp-content\/uploads\/Hotel-Yola-Arros-1.png 800w, https:\/\/hotelyola.com\/wp-content\/uploads\/Hotel-Yola-Arros-1-276x300.png 276w, https:\/\/hotelyola.com\/wp-content\/uploads\/Hotel-Yola-Arros-1-768x834.png 768w\" sizes=\"(max-width: 800px) 100vw, 800px\" \/>\t\t\t\t\t\t\t\t\t\t\t\t\t\t\t<\/div>\n\t\t\t\t\t<\/div>\n\t\t<\/div>\n\t\t\t\t<div class=\"elementor-column elementor-col-33 elementor-top-column elementor-element elementor-element-bef0c36\" data-id=\"bef0c36\" data-element_type=\"column\" data-settings=\"{&quot;background_background&quot;:&quot;classic&quot;}\">\n\t\t\t<div class=\"elementor-widget-wrap elementor-element-populated\">\n\t\t\t\t\t\t<div class=\"elementor-element elementor-element-e7d6473 elementor-widget elementor-widget-image\" data-id=\"e7d6473\" data-element_type=\"widget\" data-widget_type=\"image.default\">\n\t\t\t\t\t\t\t\t\t\t\t\t\t\t\t<img decoding=\"async\" width=\"233\" height=\"201\" src=\"https:\/\/hotelyola.com\/wp-content\/uploads\/LOGO-TIBERI-sense-fondo-2.png\" class=\"attachment-large size-large wp-image-6191\" alt=\"LOGO-TIBERI-sense-fondo.\" \/>\t\t\t\t\t\t\t\t\t\t\t\t\t\t\t<\/div>\n\t\t\t\t<div class=\"elementor-element elementor-element-625f287 elementor-widget elementor-widget-heading\" data-id=\"625f287\" data-element_type=\"widget\" data-widget_type=\"heading.default\">\n\t\t\t\t\t<h2 class=\"elementor-heading-title elementor-size-default\">El Tiberi Altafulla<\/h2>\t\t\t\t<\/div>\n\t\t\t\t<div class=\"elementor-element elementor-element-94d46e2 elementor-widget elementor-widget-text-editor\" data-id=\"94d46e2\" data-element_type=\"widget\" data-widget_type=\"text-editor.default\">\n\t\t\t\t\t\t\t\t\t<p>Via Augusta, 50 | Altafulla Platja<br \/><span style=\"text-decoration: underline;\"><a href=\"https:\/\/www.eltiberi.com\/\" target=\"_blank\" rel=\"noopener\">www.eltiberi.com<\/a><\/span><\/p>\t\t\t\t\t\t\t\t<\/div>\n\t\t\t\t<div class=\"elementor-element elementor-element-8d64bef elementor-widget elementor-widget-text-editor\" data-id=\"8d64bef\" data-element_type=\"widget\" data-widget_type=\"text-editor.default\">\n\t\t\t\t\t\t\t\t\t<p><strong>Reserves<\/strong><br \/><a href=\"tel:\/\/977650283\">977 65 02 83<\/a><\/p>\t\t\t\t\t\t\t\t<\/div>\n\t\t\t\t<div class=\"elementor-element elementor-element-1564001 elementor-widget elementor-widget-text-editor\" data-id=\"1564001\" data-element_type=\"widget\" data-widget_type=\"text-editor.default\">\n\t\t\t\t\t\t\t\t\t<p><em>Situat a la Platja d&#8217;Altafulla a 50m de la mar, amb facilitat d&#8217;aparcament gratu\u00eft als voltants. S&#8217;accepten targetes.<\/em><\/p>\t\t\t\t\t\t\t\t<\/div>\n\t\t\t\t\t<\/div>\n\t\t<\/div>\n\t\t\t\t<div class=\"elementor-column elementor-col-33 elementor-top-column elementor-element elementor-element-7c8b57c\" data-id=\"7c8b57c\" data-element_type=\"column\">\n\t\t\t<div class=\"elementor-widget-wrap elementor-element-populated\">\n\t\t\t\t\t\t<div class=\"elementor-element elementor-element-0602fed elementor-widget elementor-widget-image\" data-id=\"0602fed\" data-element_type=\"widget\" data-widget_type=\"image.default\">\n\t\t\t\t\t\t\t\t\t\t\t\t\t\t\t<img decoding=\"async\" src=\"https:\/\/hotelyola.com\/wp-content\/uploads\/elementor\/thumbs\/Hotel-Yola-Restaurante-004-1-23zu72z5sg83qmgg31skqmdn73eh4d8ynh7c96gia6zq.jpg\" title=\"Hotel-Yola-Restaurante-004.jpg\" alt=\"Hotel-Yola-Restaurante-Inicio\" loading=\"lazy\" \/>\t\t\t\t\t\t\t\t\t\t\t\t\t\t\t<\/div>\n\t\t\t\t\t<\/div>\n\t\t<\/div>\n\t\t\t\t\t<\/div>\n\t\t<\/section>\n\t\t\t\t<section class=\"elementor-section elementor-top-section elementor-element elementor-element-e4dfa69 elementor-section-full_width elementor-section-height-default elementor-section-height-default\" data-id=\"e4dfa69\" data-element_type=\"section\">\n\t\t\t\t\t\t<div class=\"elementor-container elementor-column-gap-default\">\n\t\t\t\t\t<div class=\"elementor-column elementor-col-33 elementor-top-column elementor-element elementor-element-c67a471\" data-id=\"c67a471\" data-element_type=\"column\">\n\t\t\t<div class=\"elementor-widget-wrap elementor-element-populated\">\n\t\t\t\t\t\t<div class=\"elementor-element elementor-element-0ffd085 elementor-widget elementor-widget-image\" data-id=\"0ffd085\" data-element_type=\"widget\" data-widget_type=\"image.default\">\n\t\t\t\t\t\t\t\t\t\t\t\t\t\t\t<img loading=\"lazy\" decoding=\"async\" width=\"800\" height=\"869\" src=\"https:\/\/hotelyola.com\/wp-content\/uploads\/Hotel-Yola-Restaurante-Inicio-01-1.jpg\" class=\"attachment-large size-large wp-image-6203\" alt=\"Hotel-Yola-Restaurante-Inicio\" srcset=\"https:\/\/hotelyola.com\/wp-content\/uploads\/Hotel-Yola-Restaurante-Inicio-01-1.jpg 800w, https:\/\/hotelyola.com\/wp-content\/uploads\/Hotel-Yola-Restaurante-Inicio-01-1-276x300.jpg 276w, https:\/\/hotelyola.com\/wp-content\/uploads\/Hotel-Yola-Restaurante-Inicio-01-1-768x834.jpg 768w\" sizes=\"(max-width: 800px) 100vw, 800px\" \/>\t\t\t\t\t\t\t\t\t\t\t\t\t\t\t<\/div>\n\t\t\t\t\t<\/div>\n\t\t<\/div>\n\t\t\t\t<div class=\"elementor-column elementor-col-33 elementor-top-column elementor-element elementor-element-1ce271a\" data-id=\"1ce271a\" data-element_type=\"column\" data-settings=\"{&quot;background_background&quot;:&quot;classic&quot;}\">\n\t\t\t<div class=\"elementor-widget-wrap elementor-element-populated\">\n\t\t\t\t\t\t<div class=\"elementor-element elementor-element-603cc2e elementor-widget elementor-widget-image\" data-id=\"603cc2e\" data-element_type=\"widget\" data-widget_type=\"image.default\">\n\t\t\t\t\t\t\t\t\t\t\t\t\t\t\t<img decoding=\"async\" width=\"233\" height=\"201\" src=\"https:\/\/hotelyola.com\/wp-content\/uploads\/LOGO-TIBERI-sense-fondo-2.png\" class=\"attachment-large size-large wp-image-6191\" alt=\"LOGO-TIBERI-sense-fondo.\" \/>\t\t\t\t\t\t\t\t\t\t\t\t\t\t\t<\/div>\n\t\t\t\t<div class=\"elementor-element elementor-element-ee94332 elementor-widget elementor-widget-heading\" data-id=\"ee94332\" data-element_type=\"widget\" data-widget_type=\"heading.default\">\n\t\t\t\t\t<h2 class=\"elementor-heading-title elementor-size-default\">El Tiberi Tarragona<\/h2>\t\t\t\t<\/div>\n\t\t\t\t<div class=\"elementor-element elementor-element-0f09570 elementor-widget elementor-widget-text-editor\" data-id=\"0f09570\" data-element_type=\"widget\" data-widget_type=\"text-editor.default\">\n\t\t\t\t\t\t\t\t\t<p>Mart\u00ed d&#8217;Ardenya 5 | Tarragona<br \/><span style=\"text-decoration: underline;\"><a href=\"https:\/\/www.eltiberi.com\/\" target=\"_blank\" rel=\"noopener\">www.eltiberi.com<\/a><\/span><\/p>\t\t\t\t\t\t\t\t<\/div>\n\t\t\t\t<div class=\"elementor-element elementor-element-6faadb1 elementor-widget elementor-widget-text-editor\" data-id=\"6faadb1\" data-element_type=\"widget\" data-widget_type=\"text-editor.default\">\n\t\t\t\t\t\t\t\t\t<p><strong>Reserves<br \/><\/strong><a href=\"tel:\/\/977242896\">977 24 28 96<\/a><strong><br \/><\/strong><\/p>\t\t\t\t\t\t\t\t<\/div>\n\t\t\t\t<div class=\"elementor-element elementor-element-74be5c2 elementor-widget elementor-widget-text-editor\" data-id=\"74be5c2\" data-element_type=\"widget\" data-widget_type=\"text-editor.default\">\n\t\t\t\t\t\t\t\t\t<p><em>Situat en ple cor comercial de Tarragona, molt prop de la Rambla Nova i el Palau de Congressos. P\u00e0rquing p\u00fablic a 100m del restaurant. S&#8217;accepten targetes.<\/em><\/p>\t\t\t\t\t\t\t\t<\/div>\n\t\t\t\t\t<\/div>\n\t\t<\/div>\n\t\t\t\t<div class=\"elementor-column elementor-col-33 elementor-top-column elementor-element elementor-element-2a32466\" data-id=\"2a32466\" data-element_type=\"column\">\n\t\t\t<div class=\"elementor-widget-wrap elementor-element-populated\">\n\t\t\t\t\t\t<div class=\"elementor-element elementor-element-39f990c elementor-widget elementor-widget-image\" data-id=\"39f990c\" data-element_type=\"widget\" data-widget_type=\"image.default\">\n\t\t\t\t\t\t\t\t\t\t\t\t\t\t\t<img decoding=\"async\" src=\"https:\/\/hotelyola.com\/wp-content\/uploads\/elementor\/thumbs\/El-Tiberi-crema-catalana-01-1-23zu72z5sg83qmgg31skqmdn73eh4d8ynh7c96gia6zq.jpg\" title=\"El-Tiberi-crema-catalana-01.jpg\" alt=\"El-Tiberi-crema-catalana\" loading=\"lazy\" \/>\t\t\t\t\t\t\t\t\t\t\t\t\t\t\t<\/div>\n\t\t\t\t\t<\/div>\n\t\t<\/div>\n\t\t\t\t\t<\/div>\n\t\t<\/section>\n\t\t\t\t<section class=\"elementor-section elementor-top-section elementor-element elementor-element-b80168b elementor-section-full_width elementor-section-height-default elementor-section-height-default\" data-id=\"b80168b\" data-element_type=\"section\" data-settings=\"{&quot;background_background&quot;:&quot;classic&quot;}\">\n\t\t\t\t\t\t<div class=\"elementor-container elementor-column-gap-wide\">\n\t\t\t\t\t<div class=\"elementor-column elementor-col-50 elementor-top-column elementor-element elementor-element-ca0c695\" data-id=\"ca0c695\" data-element_type=\"column\" data-settings=\"{&quot;background_background&quot;:&quot;classic&quot;}\">\n\t\t\t<div class=\"elementor-widget-wrap elementor-element-populated\">\n\t\t\t\t\t\t<div class=\"elementor-element elementor-element-4980787 elementor-widget elementor-widget-text-editor\" data-id=\"4980787\" data-element_type=\"widget\" data-widget_type=\"text-editor.default\">\n\t\t\t\t\t\t\t\t\t<p>Els nostres horaris<\/p>\t\t\t\t\t\t\t\t<\/div>\n\t\t\t\t<div class=\"elementor-element elementor-element-eb5686d elementor-widget elementor-widget-text-editor\" data-id=\"eb5686d\" data-element_type=\"widget\" data-widget_type=\"text-editor.default\">\n\t\t\t\t\t\t\t\t\t<p style=\"text-align: left;\"><strong>El Tiberi Tarragona<\/strong><\/p><ul><li>Migdia obert de dimarts a diumenge de 13h a 16h.<\/li><\/ul><p>\u00a0<\/p><p><strong>El Tiberi Altafulla<\/strong><\/p><ul><li>Obert divendres, dissabte i diumenge de 13h a 16h.<br \/>Fins\u00a0al 2 de\u00a0novembre.<\/li><\/ul>\t\t\t\t\t\t\t\t<\/div>\n\t\t\t\t\t<\/div>\n\t\t<\/div>\n\t\t\t\t<div class=\"elementor-column elementor-col-50 elementor-top-column elementor-element elementor-element-961c146\" data-id=\"961c146\" data-element_type=\"column\" data-settings=\"{&quot;background_background&quot;:&quot;classic&quot;}\">\n\t\t\t<div class=\"elementor-widget-wrap elementor-element-populated\">\n\t\t\t\t\t\t<div class=\"elementor-element elementor-element-e3518d3 elementor-widget elementor-widget-text-editor\" data-id=\"e3518d3\" data-element_type=\"widget\" data-widget_type=\"text-editor.default\">\n\t\t\t\t\t\t\t\t\t<p>Els nostres preus<\/p>\t\t\t\t\t\t\t\t<\/div>\n\t\t\t\t<div class=\"elementor-element elementor-element-7ab43a1 elementor-widget elementor-widget-text-editor\" data-id=\"7ab43a1\" data-element_type=\"widget\" data-widget_type=\"text-editor.default\">\n\t\t\t\t\t\t\t\t\t<p><strong>El Tiberi Tarragona<\/strong><\/p><ul><li>Preu bufet adult de dimarts a divendres: 16,25\u20ac<\/li><li>Preu bufet adult dissabte, diumenge, festius i nits: 18,25\u20ac<\/li><li>Preu bufet nens\/es fins a 7 anys: 10,00\u20ac<\/li><\/ul><p>\u00a0<\/p><p><strong>El Tiberi Altafulla<\/strong><\/p><ul><li>Preu bufet adult: 18,25\u20ac<\/li><li>Preu bufet nens\/es fins a 7 anys: 10,00\u20ac<\/li><li>A les nits de de dilluns a dissabte-Juliol i Agost servei formula carta servit en taula nom\u00e9s en el Tiberi Altafulla<\/li><\/ul>\t\t\t\t\t\t\t\t<\/div>\n\t\t\t\t\t<\/div>\n\t\t<\/div>\n\t\t\t\t\t<\/div>\n\t\t<\/section>\n\t\t\t\t<section class=\"elementor-section elementor-top-section elementor-element elementor-element-acdcdf2 elementor-section-full_width elementor-section-height-default elementor-section-height-default\" data-id=\"acdcdf2\" data-element_type=\"section\" data-settings=\"{&quot;background_background&quot;:&quot;classic&quot;}\">\n\t\t\t\t\t\t<div class=\"elementor-container elementor-column-gap-wide\">\n\t\t\t\t\t<div class=\"elementor-column elementor-col-100 elementor-top-column elementor-element elementor-element-441d555\" data-id=\"441d555\" data-element_type=\"column\" data-settings=\"{&quot;background_background&quot;:&quot;classic&quot;}\">\n\t\t\t<div class=\"elementor-widget-wrap elementor-element-populated\">\n\t\t\t\t\t\t<div class=\"elementor-element elementor-element-0b6dd3c elementor-widget-mobile__width-initial elementor-widget elementor-widget-text-editor\" data-id=\"0b6dd3c\" data-element_type=\"widget\" data-widget_type=\"text-editor.default\">\n\t\t\t\t\t\t\t\t\t<p>Grups y Celebracions<\/p>\t\t\t\t\t\t\t\t<\/div>\n\t\t\t\t<div class=\"elementor-element elementor-element-4f21b60 elementor-widget elementor-widget-text-editor\" data-id=\"4f21b60\" data-element_type=\"widget\" data-widget_type=\"text-editor.default\">\n\t\t\t\t\t\t\t\t\t<p>Podeu realitzar la vostra consulta sobre els men\u00fas especials per a grups i celebracions que tenim al nostre restaurant El Tiberi. Podem organitzar aniversaris, batejos, comunions i dinars d&#8217;empresa. Us donarem la possibilitat de personalitzar el vostre men\u00fa i tamb\u00e9 la decoraci\u00f3, amb detalls, contractaci\u00f3 de m\u00fasica o animaci\u00f3, i tot el que necessiteu perqu\u00e8 la vostra celebraci\u00f3 sigui un \u00e8xit.<\/p><h3 style=\"text-align: center;\"><strong>Reserves<\/strong><\/h3><p style=\"text-align: center;\"><span style=\"text-decoration: underline;\"><a href=\"tel:\/\/686480983\">686 48 09 83<\/a><\/span><\/p>\t\t\t\t\t\t\t\t<\/div>\n\t\t\t\t\t<\/div>\n\t\t<\/div>\n\t\t\t\t\t<\/div>\n\t\t<\/section>\n\t\t\t\t<section class=\"elementor-section elementor-top-section elementor-element elementor-element-b0b3242 elementor-section-full_width elementor-section-height-default elementor-section-height-default\" data-id=\"b0b3242\" data-element_type=\"section\" data-settings=\"{&quot;background_background&quot;:&quot;classic&quot;}\">\n\t\t\t\t\t\t<div class=\"elementor-container elementor-column-gap-wide\">\n\t\t\t\t\t<div class=\"elementor-column elementor-col-100 elementor-top-column elementor-element elementor-element-693fa66\" data-id=\"693fa66\" data-element_type=\"column\" data-settings=\"{&quot;background_background&quot;:&quot;classic&quot;}\">\n\t\t\t<div class=\"elementor-widget-wrap elementor-element-populated\">\n\t\t\t\t\t\t<div class=\"elementor-element elementor-element-289891e elementor-widget elementor-widget-text-editor\" data-id=\"289891e\" data-element_type=\"widget\" data-widget_type=\"text-editor.default\">\n\t\t\t\t\t\t\t\t\t<p>Ag\u00e8ncies de viatge i grups tur\u00edstics<\/p>\t\t\t\t\t\t\t\t<\/div>\n\t\t\t\t<div class=\"elementor-element elementor-element-e9def55 elementor-widget elementor-widget-text-editor\" data-id=\"e9def55\" data-element_type=\"widget\" data-widget_type=\"text-editor.default\">\n\t\t\t\t\t\t\t\t\t<p>Sota petici\u00f3 i disponibilitat, podr\u00e0 gaudir d&#8217;una visita guiada per Tarragona (ciutat Patrimoni de la Humanitat ) o La Vila Closa d&#8217;Altafulla.<br \/>Aquesta visita ser\u00e0 l&#8217;acompanyament perfecte per a un dia d&#8217;excursi\u00f3 per la Costa Daurada.<br \/>Sol\u00b7licita preu i disponibilitat de men\u00fa tancat amb begudes.<\/p><h3 style=\"text-align: center;\"><strong>Reserves<\/strong><\/h3><p style=\"text-align: center;\"><a href=\"tel:\/\/686480983\">686 48 09 83<\/a><\/p>\t\t\t\t\t\t\t\t<\/div>\n\t\t\t\t\t<\/div>\n\t\t<\/div>\n\t\t\t\t\t<\/div>\n\t\t<\/section>\n\t\t\t\t<\/div>\n\t\t","protected":false},"excerpt":{"rendered":"<p>El Tiberi \u00b7 Altafulla | El Tiberi \u00b7 Tarragona RESTAURANT BUFET DE GASTRONOMIA CATALANA Volem que mengi molt b\u00e9 i sabem que, encara que estigui de vacances, li agrada menjar com a casa. Per aix\u00f2, en el nostre restaurant &#8220;El Tiberi&#8221; podr\u00e0 degustar una gran varietat de plats de la m\u00e9s t\u00edpica gastronomia catalana i [&hellip;]<\/p>\n","protected":false},"author":5,"featured_media":0,"parent":0,"menu_order":0,"comment_status":"closed","ping_status":"closed","template":"","meta":{"_monsterinsights_skip_tracking":false,"_monsterinsights_sitenote_active":false,"_monsterinsights_sitenote_note":"","_monsterinsights_sitenote_category":0,"footnotes":""},"class_list":["post-1589","page","type-page","status-publish","hentry"],"_links":{"self":[{"href":"https:\/\/hotelyola.com\/ca\/wp-json\/wp\/v2\/pages\/1589","targetHints":{"allow":["GET"]}}],"collection":[{"href":"https:\/\/hotelyola.com\/ca\/wp-json\/wp\/v2\/pages"}],"about":[{"href":"https:\/\/hotelyola.com\/ca\/wp-json\/wp\/v2\/types\/page"}],"author":[{"embeddable":true,"href":"https:\/\/hotelyola.com\/ca\/wp-json\/wp\/v2\/users\/5"}],"replies":[{"embeddable":true,"href":"https:\/\/hotelyola.com\/ca\/wp-json\/wp\/v2\/comments?post=1589"}],"version-history":[{"count":16,"href":"https:\/\/hotelyola.com\/ca\/wp-json\/wp\/v2\/pages\/1589\/revisions"}],"predecessor-version":[{"id":8191,"href":"https:\/\/hotelyola.com\/ca\/wp-json\/wp\/v2\/pages\/1589\/revisions\/8191"}],"wp:attachment":[{"href":"https:\/\/hotelyola.com\/ca\/wp-json\/wp\/v2\/media?parent=1589"}],"curies":[{"name":"wp","href":"https:\/\/api.w.org\/{rel}","templated":true}]}}