{"id":1576,"date":"2018-11-30T12:27:27","date_gmt":"2018-11-30T12:27:27","guid":{"rendered":"https:\/\/hotelyola.com\/?page_id=1576"},"modified":"2026-01-30T10:12:35","modified_gmt":"2026-01-30T10:12:35","slug":"localitzacio","status":"publish","type":"page","link":"https:\/\/hotelyola.com\/ca\/localitzacio\/","title":{"rendered":"Localitzaci\u00f3"},"content":{"rendered":"\t\t<div data-elementor-type=\"wp-page\" data-elementor-id=\"1576\" class=\"elementor elementor-1576 elementor-782\" data-elementor-post-type=\"page\">\n\t\t\t\t\t\t<section class=\"elementor-section elementor-top-section elementor-element elementor-element-791cf1a elementor-section-full_width elementor-section-height-default elementor-section-height-default\" data-id=\"791cf1a\" data-element_type=\"section\">\n\t\t\t\t\t\t<div class=\"elementor-container elementor-column-gap-default\">\n\t\t\t\t\t<div class=\"elementor-column elementor-col-100 elementor-top-column elementor-element elementor-element-9d5dbc3\" data-id=\"9d5dbc3\" data-element_type=\"column\">\n\t\t\t<div class=\"elementor-widget-wrap elementor-element-populated\">\n\t\t\t\t\t\t<div class=\"elementor-element elementor-element-eafe8e1 elementor-widget elementor-widget-google_maps\" data-id=\"eafe8e1\" data-element_type=\"widget\" data-widget_type=\"google_maps.default\">\n\t\t\t\t\t\t\t<div class=\"elementor-custom-embed\">\n\t\t\t<iframe loading=\"lazy\"\n\t\t\t\t\tsrc=\"https:\/\/maps.google.com\/maps?q=Hotel%20Yola%2C%20Cam%C3%AD%20del%20Prat%2C%2050%2C%2043893%20Altafulla%2C%20Tarragona&#038;t=m&#038;z=15&#038;output=embed&#038;iwloc=near\"\n\t\t\t\t\ttitle=\"Hotel Yola, Cam\u00ed del Prat, 50, 43893 Altafulla, Tarragona\"\n\t\t\t\t\taria-label=\"Hotel Yola, Cam\u00ed del Prat, 50, 43893 Altafulla, Tarragona\"\n\t\t\t><\/iframe>\n\t\t<\/div>\n\t\t\t\t\t\t<\/div>\n\t\t\t\t\t<\/div>\n\t\t<\/div>\n\t\t\t\t\t<\/div>\n\t\t<\/section>\n\t\t\t\t<section class=\"elementor-section elementor-top-section elementor-element elementor-element-09ae83f elementor-section-boxed elementor-section-height-default elementor-section-height-default\" data-id=\"09ae83f\" data-element_type=\"section\">\n\t\t\t\t\t\t<div class=\"elementor-container elementor-column-gap-default\">\n\t\t\t\t\t<div class=\"elementor-column elementor-col-100 elementor-top-column elementor-element elementor-element-e2badb5\" data-id=\"e2badb5\" data-element_type=\"column\">\n\t\t\t<div class=\"elementor-widget-wrap elementor-element-populated\">\n\t\t\t\t\t\t<div class=\"elementor-element elementor-element-cce88cf elementor-align-center elementor-widget elementor-widget-button\" data-id=\"cce88cf\" data-element_type=\"widget\" data-widget_type=\"button.default\">\n\t\t\t\t\t\t\t\t\t\t<a class=\"elementor-button elementor-button-link elementor-size-sm elementor-animation-grow\" href=\"https:\/\/www.google.com\/maps\/dir\/Current+Location\/Hotel+Yola,+Cam%C3%AD+del+Prat,+50,+43893+Altafulla,+Tarragona\" target=\"_blank\">\n\t\t\t\t\t\t<span class=\"elementor-button-content-wrapper\">\n\t\t\t\t\t\t<span class=\"elementor-button-icon\">\n\t\t\t\t<svg aria-hidden=\"true\" class=\"e-font-icon-svg e-fas-location-arrow\" viewBox=\"0 0 512 512\" xmlns=\"http:\/\/www.w3.org\/2000\/svg\"><path d=\"M444.52 3.52L28.74 195.42c-47.97 22.39-31.98 92.75 19.19 92.75h175.91v175.91c0 51.17 70.36 67.17 92.75 19.19l191.9-415.78c15.99-38.39-25.59-79.97-63.97-63.97z\"><\/path><\/svg>\t\t\t<\/span>\n\t\t\t\t\t\t\t\t\t<span class=\"elementor-button-text\">COM ARRIBAR<\/span>\n\t\t\t\t\t<\/span>\n\t\t\t\t\t<\/a>\n\t\t\t\t\t\t\t\t<\/div>\n\t\t\t\t\t<\/div>\n\t\t<\/div>\n\t\t\t\t\t<\/div>\n\t\t<\/section>\n\t\t\t\t<section class=\"elementor-section elementor-top-section elementor-element elementor-element-58c0018 elementor-section-boxed elementor-section-height-default elementor-section-height-default\" data-id=\"58c0018\" data-element_type=\"section\">\n\t\t\t\t\t\t<div class=\"elementor-container elementor-column-gap-default\">\n\t\t\t\t\t<div class=\"elementor-column elementor-col-100 elementor-top-column elementor-element elementor-element-72a51c7\" data-id=\"72a51c7\" data-element_type=\"column\">\n\t\t\t<div class=\"elementor-widget-wrap elementor-element-populated\">\n\t\t\t\t\t\t<div class=\"elementor-element elementor-element-4dba0ac elementor-widget elementor-widget-heading\" data-id=\"4dba0ac\" data-element_type=\"widget\" data-widget_type=\"heading.default\">\n\t\t\t\t\t<h1 class=\"elementor-heading-title elementor-size-default\">LOCALIZACI\u00d3<\/h1>\t\t\t\t<\/div>\n\t\t\t\t<div class=\"elementor-element elementor-element-6cec2aa elementor-widget elementor-widget-heading\" data-id=\"6cec2aa\" data-element_type=\"widget\" data-widget_type=\"heading.default\">\n\t\t\t\t\t<h2 class=\"elementor-heading-title elementor-size-default\"><h2 style=\"font-size: 40px;margin: 0.5em 0px;line-height: 40px;font-family: Unna;text-align: center\">Altafulla est\u00e0 situada en la Costa Dorada,<br>muy bien comunicada<\/h2><\/h2>\t\t\t\t<\/div>\n\t\t\t\t\t<\/div>\n\t\t<\/div>\n\t\t\t\t\t<\/div>\n\t\t<\/section>\n\t\t\t\t<section class=\"elementor-section elementor-top-section elementor-element elementor-element-8608db9 elementor-section-boxed elementor-section-height-default elementor-section-height-default\" data-id=\"8608db9\" data-element_type=\"section\">\n\t\t\t\t\t\t<div class=\"elementor-container elementor-column-gap-wide\">\n\t\t\t\t\t<div class=\"elementor-column elementor-col-25 elementor-top-column elementor-element elementor-element-ae4fe41\" data-id=\"ae4fe41\" data-element_type=\"column\">\n\t\t\t<div class=\"elementor-widget-wrap elementor-element-populated\">\n\t\t\t\t\t\t<div class=\"elementor-element elementor-element-f7654fb elementor-widget elementor-widget-image\" data-id=\"f7654fb\" data-element_type=\"widget\" data-widget_type=\"image.default\">\n\t\t\t\t\t\t\t\t\t\t\t\t\t\t\t<img fetchpriority=\"high\" decoding=\"async\" width=\"600\" height=\"593\" src=\"https:\/\/hotelyola.com\/wp-content\/uploads\/Hotel-Yola-LOCALIZACION001.jpg\" class=\"attachment-large size-large wp-image-6349\" alt=\"\" srcset=\"https:\/\/hotelyola.com\/wp-content\/uploads\/Hotel-Yola-LOCALIZACION001.jpg 600w, https:\/\/hotelyola.com\/wp-content\/uploads\/Hotel-Yola-LOCALIZACION001-300x297.jpg 300w\" sizes=\"(max-width: 600px) 100vw, 600px\" \/>\t\t\t\t\t\t\t\t\t\t\t\t\t\t\t<\/div>\n\t\t\t\t<div class=\"elementor-element elementor-element-a36a05f elementor-widget elementor-widget-text-editor\" data-id=\"a36a05f\" data-element_type=\"widget\" data-widget_type=\"text-editor.default\">\n\t\t\t\t\t\t\t\t\t<p><strong>Acc\u00e9s directe a l&#8217;autopista AP7 i la carretera nacional 340<\/strong><\/p>\t\t\t\t\t\t\t\t<\/div>\n\t\t\t\t\t<\/div>\n\t\t<\/div>\n\t\t\t\t<div class=\"elementor-column elementor-col-25 elementor-top-column elementor-element elementor-element-ea625f7\" data-id=\"ea625f7\" data-element_type=\"column\">\n\t\t\t<div class=\"elementor-widget-wrap elementor-element-populated\">\n\t\t\t\t\t\t<div class=\"elementor-element elementor-element-8900458 elementor-widget elementor-widget-image\" data-id=\"8900458\" data-element_type=\"widget\" data-widget_type=\"image.default\">\n\t\t\t\t\t\t\t\t\t\t\t\t\t\t\t<img decoding=\"async\" width=\"600\" height=\"593\" src=\"https:\/\/hotelyola.com\/wp-content\/uploads\/Hotel-Yola-LOCALIZACION002.jpg\" class=\"attachment-large size-large wp-image-6352\" alt=\"\" srcset=\"https:\/\/hotelyola.com\/wp-content\/uploads\/Hotel-Yola-LOCALIZACION002.jpg 600w, https:\/\/hotelyola.com\/wp-content\/uploads\/Hotel-Yola-LOCALIZACION002-300x297.jpg 300w\" sizes=\"(max-width: 600px) 100vw, 600px\" \/>\t\t\t\t\t\t\t\t\t\t\t\t\t\t\t<\/div>\n\t\t\t\t<div class=\"elementor-element elementor-element-2895fc9 elementor-widget elementor-widget-text-editor\" data-id=\"2895fc9\" data-element_type=\"widget\" data-widget_type=\"text-editor.default\">\n\t\t\t\t\t\t\t\t\t<p><strong>L&#8217;estaci\u00f3 de tren \u00e9s a 500 m de l&#8217;hotel.<\/strong><\/p>\t\t\t\t\t\t\t\t<\/div>\n\t\t\t\t\t<\/div>\n\t\t<\/div>\n\t\t\t\t<div class=\"elementor-column elementor-col-25 elementor-top-column elementor-element elementor-element-41fbcfc\" data-id=\"41fbcfc\" data-element_type=\"column\">\n\t\t\t<div class=\"elementor-widget-wrap elementor-element-populated\">\n\t\t\t\t\t\t<div class=\"elementor-element elementor-element-9358b3f elementor-widget elementor-widget-image\" data-id=\"9358b3f\" data-element_type=\"widget\" data-widget_type=\"image.default\">\n\t\t\t\t\t\t\t\t\t\t\t\t\t\t\t<img decoding=\"async\" width=\"600\" height=\"593\" src=\"https:\/\/hotelyola.com\/wp-content\/uploads\/Hotel-Yola-LOCALIZACION03.jpg\" class=\"attachment-large size-large wp-image-6355\" alt=\"\" srcset=\"https:\/\/hotelyola.com\/wp-content\/uploads\/Hotel-Yola-LOCALIZACION03.jpg 600w, https:\/\/hotelyola.com\/wp-content\/uploads\/Hotel-Yola-LOCALIZACION03-300x297.jpg 300w\" sizes=\"(max-width: 600px) 100vw, 600px\" \/>\t\t\t\t\t\t\t\t\t\t\t\t\t\t\t<\/div>\n\t\t\t\t<div class=\"elementor-element elementor-element-794ec15 elementor-widget elementor-widget-text-editor\" data-id=\"794ec15\" data-element_type=\"widget\" data-widget_type=\"text-editor.default\">\n\t\t\t\t\t\t\t\t\t<p><strong>Localitat t\u00e9 autobusos de transport p\u00fablic que la connecta amb les ciutats m\u00e9s importants<\/strong><\/p>\t\t\t\t\t\t\t\t<\/div>\n\t\t\t\t\t<\/div>\n\t\t<\/div>\n\t\t\t\t<div class=\"elementor-column elementor-col-25 elementor-top-column elementor-element elementor-element-f1c7523\" data-id=\"f1c7523\" data-element_type=\"column\">\n\t\t\t<div class=\"elementor-widget-wrap elementor-element-populated\">\n\t\t\t\t\t\t<div class=\"elementor-element elementor-element-f0503af elementor-widget elementor-widget-image\" data-id=\"f0503af\" data-element_type=\"widget\" data-widget_type=\"image.default\">\n\t\t\t\t\t\t\t\t\t\t\t\t\t\t\t<img loading=\"lazy\" decoding=\"async\" width=\"600\" height=\"593\" src=\"https:\/\/hotelyola.com\/wp-content\/uploads\/Hotel-Yola-LOCALIZACION04.jpg\" class=\"attachment-large size-large wp-image-6358\" alt=\"\" srcset=\"https:\/\/hotelyola.com\/wp-content\/uploads\/Hotel-Yola-LOCALIZACION04.jpg 600w, https:\/\/hotelyola.com\/wp-content\/uploads\/Hotel-Yola-LOCALIZACION04-300x297.jpg 300w\" sizes=\"(max-width: 600px) 100vw, 600px\" \/>\t\t\t\t\t\t\t\t\t\t\t\t\t\t\t<\/div>\n\t\t\t\t<div class=\"elementor-element elementor-element-b4725b6 elementor-widget elementor-widget-text-editor\" data-id=\"b4725b6\" data-element_type=\"widget\" data-widget_type=\"text-editor.default\">\n\t\t\t\t\t\t\t\t\t<p><strong>L&#8217;aeroport de Reus \u00e9s a 20 km, amb moltes destinacions operades per Ryanair<\/strong><\/p>\t\t\t\t\t\t\t\t<\/div>\n\t\t\t\t\t<\/div>\n\t\t<\/div>\n\t\t\t\t\t<\/div>\n\t\t<\/section>\n\t\t\t\t<section class=\"elementor-section elementor-top-section elementor-element elementor-element-8d2fd51 elementor-section-boxed elementor-section-height-default elementor-section-height-default\" data-id=\"8d2fd51\" data-element_type=\"section\">\n\t\t\t\t\t\t<div class=\"elementor-container elementor-column-gap-wide\">\n\t\t\t\t\t<div class=\"elementor-column elementor-col-25 elementor-top-column elementor-element elementor-element-03ec047\" data-id=\"03ec047\" data-element_type=\"column\">\n\t\t\t<div class=\"elementor-widget-wrap elementor-element-populated\">\n\t\t\t\t\t\t<div class=\"elementor-element elementor-element-d4dc56b elementor-widget elementor-widget-image\" data-id=\"d4dc56b\" data-element_type=\"widget\" data-widget_type=\"image.default\">\n\t\t\t\t\t\t\t\t\t\t\t\t\t\t\t<img loading=\"lazy\" decoding=\"async\" width=\"600\" height=\"593\" src=\"https:\/\/hotelyola.com\/wp-content\/uploads\/Hotel-Yola-LOCALIZACION05.jpg\" class=\"attachment-large size-large wp-image-6361\" alt=\"\" srcset=\"https:\/\/hotelyola.com\/wp-content\/uploads\/Hotel-Yola-LOCALIZACION05.jpg 600w, https:\/\/hotelyola.com\/wp-content\/uploads\/Hotel-Yola-LOCALIZACION05-300x297.jpg 300w\" sizes=\"(max-width: 600px) 100vw, 600px\" \/>\t\t\t\t\t\t\t\t\t\t\t\t\t\t\t<\/div>\n\t\t\t\t<div class=\"elementor-element elementor-element-d8bf9a1 elementor-widget elementor-widget-text-editor\" data-id=\"d8bf9a1\" data-element_type=\"widget\" data-widget_type=\"text-editor.default\">\n\t\t\t\t\t\t\t\t\t<p><strong>A 99 km de l\u00b4aeroport de Barcelona<\/strong><\/p>\t\t\t\t\t\t\t\t<\/div>\n\t\t\t\t\t<\/div>\n\t\t<\/div>\n\t\t\t\t<div class=\"elementor-column elementor-col-25 elementor-top-column elementor-element elementor-element-86c0711\" data-id=\"86c0711\" data-element_type=\"column\">\n\t\t\t<div class=\"elementor-widget-wrap elementor-element-populated\">\n\t\t\t\t\t\t<div class=\"elementor-element elementor-element-a5ccd7f elementor-widget elementor-widget-image\" data-id=\"a5ccd7f\" data-element_type=\"widget\" data-widget_type=\"image.default\">\n\t\t\t\t\t\t\t\t\t\t\t\t\t\t\t<img loading=\"lazy\" decoding=\"async\" width=\"600\" height=\"593\" src=\"https:\/\/hotelyola.com\/wp-content\/uploads\/Hotel-Yola-LOCALIZACION006.jpg\" class=\"attachment-large size-large wp-image-6364\" alt=\"\" srcset=\"https:\/\/hotelyola.com\/wp-content\/uploads\/Hotel-Yola-LOCALIZACION006.jpg 600w, https:\/\/hotelyola.com\/wp-content\/uploads\/Hotel-Yola-LOCALIZACION006-300x297.jpg 300w\" sizes=\"(max-width: 600px) 100vw, 600px\" \/>\t\t\t\t\t\t\t\t\t\t\t\t\t\t\t<\/div>\n\t\t\t\t<div class=\"elementor-element elementor-element-76a6d6a elementor-widget elementor-widget-text-editor\" data-id=\"76a6d6a\" data-element_type=\"widget\" data-widget_type=\"text-editor.default\">\n\t\t\t\t\t\t\t\t\t<p><strong>Estaci\u00f3 de l&#8217;AVE (l\u00ednia d&#8217;alta velocitat) \u201cCamp de Tarragona\u201c<\/strong><\/p>\t\t\t\t\t\t\t\t<\/div>\n\t\t\t\t\t<\/div>\n\t\t<\/div>\n\t\t\t\t<div class=\"elementor-column elementor-col-25 elementor-top-column elementor-element elementor-element-54f57d0\" data-id=\"54f57d0\" data-element_type=\"column\">\n\t\t\t<div class=\"elementor-widget-wrap elementor-element-populated\">\n\t\t\t\t\t\t<div class=\"elementor-element elementor-element-a15c470 elementor-widget elementor-widget-image\" data-id=\"a15c470\" data-element_type=\"widget\" data-widget_type=\"image.default\">\n\t\t\t\t\t\t\t\t\t\t\t\t\t\t\t<img loading=\"lazy\" decoding=\"async\" width=\"600\" height=\"593\" src=\"https:\/\/hotelyola.com\/wp-content\/uploads\/Hotel-Yola-LOCALIZACION-Tarragona07.jpg\" class=\"attachment-large size-large wp-image-6367\" alt=\"\" srcset=\"https:\/\/hotelyola.com\/wp-content\/uploads\/Hotel-Yola-LOCALIZACION-Tarragona07.jpg 600w, https:\/\/hotelyola.com\/wp-content\/uploads\/Hotel-Yola-LOCALIZACION-Tarragona07-300x297.jpg 300w\" sizes=\"(max-width: 600px) 100vw, 600px\" \/>\t\t\t\t\t\t\t\t\t\t\t\t\t\t\t<\/div>\n\t\t\t\t<div class=\"elementor-element elementor-element-77769d0 elementor-widget elementor-widget-text-editor\" data-id=\"77769d0\" data-element_type=\"widget\" data-widget_type=\"text-editor.default\">\n\t\t\t\t\t\t\t\t\t<p><strong>A 10 km. de Tarragona ciutat Patrimoni de la Humanitat<\/strong><\/p>\t\t\t\t\t\t\t\t<\/div>\n\t\t\t\t\t<\/div>\n\t\t<\/div>\n\t\t\t\t<div class=\"elementor-column elementor-col-25 elementor-top-column elementor-element elementor-element-d031800\" data-id=\"d031800\" data-element_type=\"column\">\n\t\t\t<div class=\"elementor-widget-wrap elementor-element-populated\">\n\t\t\t\t\t\t<div class=\"elementor-element elementor-element-5776b5e elementor-widget elementor-widget-image\" data-id=\"5776b5e\" data-element_type=\"widget\" data-widget_type=\"image.default\">\n\t\t\t\t\t\t\t\t\t\t\t\t\t\t\t<img loading=\"lazy\" decoding=\"async\" width=\"600\" height=\"593\" src=\"https:\/\/hotelyola.com\/wp-content\/uploads\/Hotel-Yola-LOCALIZACION-Barcelona08.jpg\" class=\"attachment-large size-large wp-image-6370\" alt=\"\" srcset=\"https:\/\/hotelyola.com\/wp-content\/uploads\/Hotel-Yola-LOCALIZACION-Barcelona08.jpg 600w, https:\/\/hotelyola.com\/wp-content\/uploads\/Hotel-Yola-LOCALIZACION-Barcelona08-300x297.jpg 300w\" sizes=\"(max-width: 600px) 100vw, 600px\" \/>\t\t\t\t\t\t\t\t\t\t\t\t\t\t\t<\/div>\n\t\t\t\t<div class=\"elementor-element elementor-element-8e937c1 elementor-widget elementor-widget-text-editor\" data-id=\"8e937c1\" data-element_type=\"widget\" data-widget_type=\"text-editor.default\">\n\t\t\t\t\t\t\t\t\t<p><strong>A 100 km. de Barcelona<\/strong><\/p>\t\t\t\t\t\t\t\t<\/div>\n\t\t\t\t\t<\/div>\n\t\t<\/div>\n\t\t\t\t\t<\/div>\n\t\t<\/section>\n\t\t\t\t<\/div>\n\t\t","protected":false},"excerpt":{"rendered":"<p>COM ARRIBAR LOCALIZACI\u00d3 Altafulla est\u00e0 situada en la Costa Dorada,muy bien comunicada Acc\u00e9s directe a l&#8217;autopista AP7 i la carretera nacional 340 L&#8217;estaci\u00f3 de tren \u00e9s a 500 m de l&#8217;hotel. Localitat t\u00e9 autobusos de transport p\u00fablic que la connecta amb les ciutats m\u00e9s importants L&#8217;aeroport de Reus \u00e9s a 20 km, amb moltes destinacions [&hellip;]<\/p>\n","protected":false},"author":5,"featured_media":0,"parent":0,"menu_order":0,"comment_status":"closed","ping_status":"closed","template":"","meta":{"_monsterinsights_skip_tracking":false,"_monsterinsights_sitenote_active":false,"_monsterinsights_sitenote_note":"","_monsterinsights_sitenote_category":0,"footnotes":""},"class_list":["post-1576","page","type-page","status-publish","hentry"],"_links":{"self":[{"href":"https:\/\/hotelyola.com\/ca\/wp-json\/wp\/v2\/pages\/1576","targetHints":{"allow":["GET"]}}],"collection":[{"href":"https:\/\/hotelyola.com\/ca\/wp-json\/wp\/v2\/pages"}],"about":[{"href":"https:\/\/hotelyola.com\/ca\/wp-json\/wp\/v2\/types\/page"}],"author":[{"embeddable":true,"href":"https:\/\/hotelyola.com\/ca\/wp-json\/wp\/v2\/users\/5"}],"replies":[{"embeddable":true,"href":"https:\/\/hotelyola.com\/ca\/wp-json\/wp\/v2\/comments?post=1576"}],"version-history":[{"count":9,"href":"https:\/\/hotelyola.com\/ca\/wp-json\/wp\/v2\/pages\/1576\/revisions"}],"predecessor-version":[{"id":8182,"href":"https:\/\/hotelyola.com\/ca\/wp-json\/wp\/v2\/pages\/1576\/revisions\/8182"}],"wp:attachment":[{"href":"https:\/\/hotelyola.com\/ca\/wp-json\/wp\/v2\/media?parent=1576"}],"curies":[{"name":"wp","href":"https:\/\/api.w.org\/{rel}","templated":true}]}}