{"id":1567,"date":"2018-11-30T11:50:11","date_gmt":"2018-11-30T11:50:11","guid":{"rendered":"https:\/\/hotelyola.com\/?page_id=1567"},"modified":"2026-01-30T11:25:47","modified_gmt":"2026-01-30T11:25:47","slug":"experiencies","status":"publish","type":"page","link":"https:\/\/hotelyola.com\/ca\/experiencies\/","title":{"rendered":"Experiencies"},"content":{"rendered":"\t\t<div data-elementor-type=\"wp-page\" data-elementor-id=\"1567\" class=\"elementor elementor-1567 elementor-338\" data-elementor-post-type=\"page\">\n\t\t\t\t\t\t<section class=\"elementor-section elementor-top-section elementor-element elementor-element-7abf44e elementor-section-height-min-height elementor-section-boxed elementor-section-height-default elementor-section-items-middle\" data-id=\"7abf44e\" data-element_type=\"section\" data-settings=\"{&quot;background_background&quot;:&quot;classic&quot;,&quot;background_motion_fx_motion_fx_scrolling&quot;:&quot;yes&quot;,&quot;background_motion_fx_translateY_effect&quot;:&quot;yes&quot;,&quot;background_motion_fx_translateY_speed&quot;:{&quot;unit&quot;:&quot;px&quot;,&quot;size&quot;:1,&quot;sizes&quot;:[]},&quot;background_motion_fx_translateY_affectedRange&quot;:{&quot;unit&quot;:&quot;%&quot;,&quot;size&quot;:&quot;&quot;,&quot;sizes&quot;:{&quot;start&quot;:0,&quot;end&quot;:100}},&quot;background_motion_fx_devices&quot;:[&quot;desktop&quot;,&quot;tablet&quot;,&quot;mobile&quot;]}\">\n\t\t\t\t\t\t<div class=\"elementor-container elementor-column-gap-default\">\n\t\t\t\t\t<div class=\"elementor-column elementor-col-100 elementor-top-column elementor-element elementor-element-e640f7e\" data-id=\"e640f7e\" data-element_type=\"column\">\n\t\t\t<div class=\"elementor-widget-wrap elementor-element-populated\">\n\t\t\t\t\t\t<div class=\"elementor-element elementor-element-71e8d5d elementor-widget elementor-widget-image\" data-id=\"71e8d5d\" data-element_type=\"widget\" data-widget_type=\"image.default\">\n\t\t\t\t\t\t\t\t\t\t\t\t\t\t\t<img fetchpriority=\"high\" decoding=\"async\" width=\"512\" height=\"512\" src=\"https:\/\/hotelyola.com\/wp-content\/uploads\/cropped-Badge-Hotel-Restaurant-Yola-1.png\" class=\"attachment-large size-large wp-image-6182\" alt=\"cropped-Badge-Hotel-Restaurant-Yola.\" srcset=\"https:\/\/hotelyola.com\/wp-content\/uploads\/cropped-Badge-Hotel-Restaurant-Yola-1.png 512w, https:\/\/hotelyola.com\/wp-content\/uploads\/cropped-Badge-Hotel-Restaurant-Yola-1-300x300.png 300w, https:\/\/hotelyola.com\/wp-content\/uploads\/cropped-Badge-Hotel-Restaurant-Yola-1-150x150.png 150w\" sizes=\"(max-width: 512px) 100vw, 512px\" \/>\t\t\t\t\t\t\t\t\t\t\t\t\t\t\t<\/div>\n\t\t\t\t\t<\/div>\n\t\t<\/div>\n\t\t\t\t\t<\/div>\n\t\t<\/section>\n\t\t\t\t<section class=\"elementor-section elementor-top-section elementor-element elementor-element-6cd0773 elementor-section-boxed elementor-section-height-default elementor-section-height-default\" data-id=\"6cd0773\" data-element_type=\"section\">\n\t\t\t\t\t\t<div class=\"elementor-container elementor-column-gap-default\">\n\t\t\t\t\t<div class=\"elementor-column elementor-col-100 elementor-top-column elementor-element elementor-element-1a434de\" data-id=\"1a434de\" data-element_type=\"column\">\n\t\t\t<div class=\"elementor-widget-wrap elementor-element-populated\">\n\t\t\t\t\t\t<div class=\"elementor-element elementor-element-2730d8a elementor-widget-divider--view-line elementor-widget elementor-widget-divider\" data-id=\"2730d8a\" data-element_type=\"widget\" data-widget_type=\"divider.default\">\n\t\t\t\t\t\t\t<div class=\"elementor-divider\">\n\t\t\t<span class=\"elementor-divider-separator\">\n\t\t\t\t\t\t<\/span>\n\t\t<\/div>\n\t\t\t\t\t\t<\/div>\n\t\t\t\t<div class=\"elementor-element elementor-element-5d7662c elementor-widget elementor-widget-heading\" data-id=\"5d7662c\" data-element_type=\"widget\" data-widget_type=\"heading.default\">\n\t\t\t\t\t<h1 class=\"elementor-heading-title elementor-size-default\">EXPERIENCIES<\/h1>\t\t\t\t<\/div>\n\t\t\t\t<div class=\"elementor-element elementor-element-1695aed elementor-widget elementor-widget-heading\" data-id=\"1695aed\" data-element_type=\"widget\" data-widget_type=\"heading.default\">\n\t\t\t\t\t<h2 class=\"elementor-heading-title elementor-size-default\">Uneix-te a les nostres activitats<\/h2>\t\t\t\t<\/div>\n\t\t\t\t\t<\/div>\n\t\t<\/div>\n\t\t\t\t\t<\/div>\n\t\t<\/section>\n\t\t\t\t<section class=\"elementor-section elementor-top-section elementor-element elementor-element-ecc8a29 elementor-section-full_width elementor-section-height-default elementor-section-height-default\" data-id=\"ecc8a29\" data-element_type=\"section\">\n\t\t\t\t\t\t<div class=\"elementor-container elementor-column-gap-custom\">\n\t\t\t\t\t<div class=\"elementor-column elementor-col-33 elementor-top-column elementor-element elementor-element-e3f51f7\" data-id=\"e3f51f7\" data-element_type=\"column\" data-settings=\"{&quot;background_background&quot;:&quot;classic&quot;}\">\n\t\t\t<div class=\"elementor-widget-wrap elementor-element-populated\">\n\t\t\t\t\t\t<div class=\"elementor-element elementor-element-0970860 elementor-widget elementor-widget-image\" data-id=\"0970860\" data-element_type=\"widget\" data-widget_type=\"image.default\">\n\t\t\t\t\t\t\t\t\t\t\t\t\t\t\t\t<a href=\"https:\/\/hotelyola.com\/altafulla-urban-escape-es\/\">\n\t\t\t\t\t\t\t<img decoding=\"async\" src=\"https:\/\/hotelyola.com\/wp-content\/uploads\/elementor\/thumbs\/ALTAFULLA_11-1024x576-1-rcnkvqm8y8u7qpxr53wu1rtj98zh7h3147g8dicovk.jpg\" title=\"ALTAFULLA_11-1024&#215;576\" alt=\"ALTAFULLA_11-1024x576\" loading=\"lazy\" \/>\t\t\t\t\t\t\t\t<\/a>\n\t\t\t\t\t\t\t\t\t\t\t\t\t\t\t<\/div>\n\t\t\t\t<div class=\"elementor-element elementor-element-db01786 elementor-widget elementor-widget-heading\" data-id=\"db01786\" data-element_type=\"widget\" data-widget_type=\"heading.default\">\n\t\t\t\t\t<h2 class=\"elementor-heading-title elementor-size-default\"><a href=\"https:\/\/hotelyola.com\/altafulla-urban-escape-es\/\">ALTAFULLA URBAN ESCAPE<\/a><\/h2>\t\t\t\t<\/div>\n\t\t\t\t<div class=\"elementor-element elementor-element-dbc8c81 elementor-widget elementor-widget-text-editor\" data-id=\"dbc8c81\" data-element_type=\"widget\" data-widget_type=\"text-editor.default\">\n\t\t\t\t\t\t\t\t\t<p>L&#8217;Altafulla Urban Escape posar\u00e0 a prova l&#8217;enginy de tota la fam\u00edlia per resoldre el MISTERI i trobar el tresor de Ramonet, el pescador m\u00e9s popular d&#8217;Altafulla sota el relat de la hist\u00f2ria de les Bruixes d&#8217;Altafulla.\u00a0<\/p>\t\t\t\t\t\t\t\t<\/div>\n\t\t\t\t<div class=\"elementor-element elementor-element-4ffa6a9 elementor-align-center elementor-widget elementor-widget-button\" data-id=\"4ffa6a9\" data-element_type=\"widget\" data-widget_type=\"button.default\">\n\t\t\t\t\t\t\t\t\t\t<a class=\"elementor-button elementor-button-link elementor-size-sm\" href=\"https:\/\/hotelyola.com\/altafulla-urban-escape-es\/\">\n\t\t\t\t\t\t<span class=\"elementor-button-content-wrapper\">\n\t\t\t\t\t\t\t\t\t<span class=\"elementor-button-text\">Veure m\u00e9s<\/span>\n\t\t\t\t\t<\/span>\n\t\t\t\t\t<\/a>\n\t\t\t\t\t\t\t\t<\/div>\n\t\t\t\t\t<\/div>\n\t\t<\/div>\n\t\t\t\t<div class=\"elementor-column elementor-col-33 elementor-top-column elementor-element elementor-element-6a8f01f\" data-id=\"6a8f01f\" data-element_type=\"column\" data-settings=\"{&quot;background_background&quot;:&quot;classic&quot;}\">\n\t\t\t<div class=\"elementor-widget-wrap elementor-element-populated\">\n\t\t\t\t\t\t<div class=\"elementor-element elementor-element-58229af elementor-widget elementor-widget-image\" data-id=\"58229af\" data-element_type=\"widget\" data-widget_type=\"image.default\">\n\t\t\t\t\t\t\t\t\t\t\t\t\t\t\t\t<a href=\"https:\/\/hotelyola.com\/fin-de-semana-castanada-o-halloween\/\">\n\t\t\t\t\t\t\t<img decoding=\"async\" src=\"https:\/\/hotelyola.com\/wp-content\/uploads\/elementor\/thumbs\/halloween-castanyes-hotelyola-1-rdj16d1c8lsoq3yc1z5p0gt4q77fhjvcsggsnf7e9c.jpg\" title=\"halloween-castanyes-hotelyola\" alt=\"halloween-castanyes-hotelyola\" loading=\"lazy\" \/>\t\t\t\t\t\t\t\t<\/a>\n\t\t\t\t\t\t\t\t\t\t\t\t\t\t\t<\/div>\n\t\t\t\t<div class=\"elementor-element elementor-element-7c9fca9 elementor-widget elementor-widget-heading\" data-id=\"7c9fca9\" data-element_type=\"widget\" data-widget_type=\"heading.default\">\n\t\t\t\t\t<h2 class=\"elementor-heading-title elementor-size-default\"><a href=\"https:\/\/hotelyola.com\/fin-de-semana-castanada-o-halloween\/\">Cap de Setmana\n\u00abCastanyada o Halloween\u00bb<\/a><\/h2>\t\t\t\t<\/div>\n\t\t\t\t<div class=\"elementor-element elementor-element-8601d94 elementor-widget elementor-widget-text-editor\" data-id=\"8601d94\" data-element_type=\"widget\" data-widget_type=\"text-editor.default\">\n\t\t\t\t\t\t\t\t\t<p>Us proposem un cap de setmana diferent &#8220;Scary Cocktail&#8221; de benvinguda (adults), &#8220;trick or treat&#8221; (nens), fotos al photocall amb les disfresses (opci\u00f3 de compartir a les xarxes socials de Yola).<\/p>\t\t\t\t\t\t\t\t<\/div>\n\t\t\t\t<div class=\"elementor-element elementor-element-1ceb2bc elementor-align-center elementor-widget elementor-widget-button\" data-id=\"1ceb2bc\" data-element_type=\"widget\" data-widget_type=\"button.default\">\n\t\t\t\t\t\t\t\t\t\t<a class=\"elementor-button elementor-button-link elementor-size-sm\" href=\"https:\/\/hotelyola.com\/fin-de-semana-castanada-o-halloween\/\">\n\t\t\t\t\t\t<span class=\"elementor-button-content-wrapper\">\n\t\t\t\t\t\t\t\t\t<span class=\"elementor-button-text\">Veure m\u00e9s<\/span>\n\t\t\t\t\t<\/span>\n\t\t\t\t\t<\/a>\n\t\t\t\t\t\t\t\t<\/div>\n\t\t\t\t\t<\/div>\n\t\t<\/div>\n\t\t\t\t<div class=\"elementor-column elementor-col-33 elementor-top-column elementor-element elementor-element-a9b47a6\" data-id=\"a9b47a6\" data-element_type=\"column\" data-settings=\"{&quot;background_background&quot;:&quot;classic&quot;}\">\n\t\t\t<div class=\"elementor-widget-wrap elementor-element-populated\">\n\t\t\t\t\t\t<div class=\"elementor-element elementor-element-001f8f6 elementor-widget elementor-widget-image\" data-id=\"001f8f6\" data-element_type=\"widget\" data-widget_type=\"image.default\">\n\t\t\t\t\t\t\t\t\t\t\t\t\t\t\t\t<a href=\"https:\/\/hotelyola.com\/talleres-de-creatividad-y-descanso\/\">\n\t\t\t\t\t\t\t<img decoding=\"async\" src=\"https:\/\/hotelyola.com\/wp-content\/uploads\/elementor\/thumbs\/tallers-creativitat-hotelyola-1-rdj156qlp26s7nnrwyvhe9hdzuzwv67fmn3y1yy41c.jpg\" title=\"tallers-creativitat-hotelyola\" alt=\"tallers-creativitat-hotelyola\" loading=\"lazy\" \/>\t\t\t\t\t\t\t\t<\/a>\n\t\t\t\t\t\t\t\t\t\t\t\t\t\t\t<\/div>\n\t\t\t\t<div class=\"elementor-element elementor-element-62bd279 elementor-widget elementor-widget-heading\" data-id=\"62bd279\" data-element_type=\"widget\" data-widget_type=\"heading.default\">\n\t\t\t\t\t<h2 class=\"elementor-heading-title elementor-size-default\"><a href=\"https:\/\/hotelyola.com\/talleres-de-creatividad-y-descanso\/\">Tallers de creativitat i descans<\/a><\/h2>\t\t\t\t<\/div>\n\t\t\t\t<div class=\"elementor-element elementor-element-6de9521 elementor-widget elementor-widget-text-editor\" data-id=\"6de9521\" data-element_type=\"widget\" data-widget_type=\"text-editor.default\">\n\t\t\t\t\t\t\t\t\t<p>Escull el teu taller Quin t&#8217;agrada m\u00e9s? Quan et va millor?* Dates encara per confirmar SCRAPBOOKING Escapada de primavera, estada de 2 nits\/3 dies i dues sessions de Scrapbooking que us portaran a realitzar el projecte d&#8217;inici a fi.<\/p>\t\t\t\t\t\t\t\t<\/div>\n\t\t\t\t\t<\/div>\n\t\t<\/div>\n\t\t\t\t\t<\/div>\n\t\t<\/section>\n\t\t\t\t<section class=\"elementor-section elementor-top-section elementor-element elementor-element-8beb3ef elementor-section-boxed elementor-section-height-default elementor-section-height-default\" data-id=\"8beb3ef\" data-element_type=\"section\">\n\t\t\t\t\t\t<div class=\"elementor-container elementor-column-gap-default\">\n\t\t\t\t\t<div class=\"elementor-column elementor-col-50 elementor-top-column elementor-element elementor-element-976e1fe\" data-id=\"976e1fe\" data-element_type=\"column\" data-settings=\"{&quot;background_background&quot;:&quot;classic&quot;}\">\n\t\t\t<div class=\"elementor-widget-wrap elementor-element-populated\">\n\t\t\t\t\t\t<div class=\"elementor-element elementor-element-bb08d54 elementor-widget__width-initial elementor-widget elementor-widget-image\" data-id=\"bb08d54\" data-element_type=\"widget\" data-widget_type=\"image.default\">\n\t\t\t\t\t\t\t\t\t\t\t\t\t\t\t\t<a href=\"https:\/\/hotelyola.com\/estancias-de-bienestar-2024-metodo-wim-hof-altafulla\/\">\n\t\t\t\t\t\t\t<img decoding=\"async\" width=\"1000\" height=\"542\" src=\"https:\/\/hotelyola.com\/wp-content\/uploads\/Estades-benestar-catala-web-e1581093686417.png\" class=\"attachment-full size-full wp-image-1858\" alt=\"Estades benestar catala web\" srcset=\"https:\/\/hotelyola.com\/wp-content\/uploads\/Estades-benestar-catala-web-e1581093686417.png 1000w, https:\/\/hotelyola.com\/wp-content\/uploads\/Estades-benestar-catala-web-e1581093686417-300x163.png 300w, https:\/\/hotelyola.com\/wp-content\/uploads\/Estades-benestar-catala-web-e1581093686417-768x416.png 768w\" sizes=\"(max-width: 1000px) 100vw, 1000px\" \/>\t\t\t\t\t\t\t\t<\/a>\n\t\t\t\t\t\t\t\t\t\t\t\t\t\t\t<\/div>\n\t\t\t\t<div class=\"elementor-element elementor-element-3cbdfc2 elementor-widget elementor-widget-heading\" data-id=\"3cbdfc2\" data-element_type=\"widget\" data-widget_type=\"heading.default\">\n\t\t\t\t\t<h2 class=\"elementor-heading-title elementor-size-default\"><a href=\"https:\/\/hotelyola.com\/estancias-de-bienestar-2024-metodo-wim-hof-altafulla\/\">Estades de Benestar Tallers WIM HOF<\/a><\/h2>\t\t\t\t<\/div>\n\t\t\t\t<div class=\"elementor-element elementor-element-2d28215 elementor-widget elementor-widget-text-editor\" data-id=\"2d28215\" data-element_type=\"widget\" data-widget_type=\"text-editor.default\">\n\t\t\t\t\t\t\t\t\t<p>Uns dies per aprendre a cuidar el teu cos i la teva ment. &#8220;El que pots fer per tu tamb\u00e9 \u00e9s important&#8221;. *DATES CONFIRMADES : ABRIL ( del 18 al 21) OCTUBRE ( del 17 al 20)<\/p>\t\t\t\t\t\t\t\t<\/div>\n\t\t\t\t<div class=\"elementor-element elementor-element-c769d7a elementor-align-center elementor-widget elementor-widget-button\" data-id=\"c769d7a\" data-element_type=\"widget\" data-widget_type=\"button.default\">\n\t\t\t\t\t\t\t\t\t\t<a class=\"elementor-button elementor-button-link elementor-size-sm\" href=\"https:\/\/hotelyola.com\/estancias-de-bienestar-2024-metodo-wim-hof-altafulla\/\">\n\t\t\t\t\t\t<span class=\"elementor-button-content-wrapper\">\n\t\t\t\t\t\t\t\t\t<span class=\"elementor-button-text\">Veure m\u00e9s<\/span>\n\t\t\t\t\t<\/span>\n\t\t\t\t\t<\/a>\n\t\t\t\t\t\t\t\t<\/div>\n\t\t\t\t\t<\/div>\n\t\t<\/div>\n\t\t\t\t<div class=\"elementor-column elementor-col-50 elementor-top-column elementor-element elementor-element-a43c4a9\" data-id=\"a43c4a9\" data-element_type=\"column\" data-settings=\"{&quot;background_background&quot;:&quot;classic&quot;}\">\n\t\t\t<div class=\"elementor-widget-wrap elementor-element-populated\">\n\t\t\t\t\t\t<div class=\"elementor-element elementor-element-7e57823 elementor-widget__width-initial elementor-widget elementor-widget-image\" data-id=\"7e57823\" data-element_type=\"widget\" data-widget_type=\"image.default\">\n\t\t\t\t\t\t\t\t\t\t\t\t\t\t\t\t<a href=\"https:\/\/hotelyola.com\/curso-de-arte-2018-dibuja-cataluna\/\">\n\t\t\t\t\t\t\t<img decoding=\"async\" width=\"700\" height=\"350\" src=\"https:\/\/hotelyola.com\/wp-content\/uploads\/Curso-de-Arte-2018-Dibuja-Catalu\u00f1a-Hotel-Yola-e1581095807699-1.jpg\" class=\"attachment-full size-full wp-image-1969\" alt=\"Curso-de-Arte-2018-Dibuja-Catalu\u00f1a-Hotel-Yola\" srcset=\"https:\/\/hotelyola.com\/wp-content\/uploads\/Curso-de-Arte-2018-Dibuja-Catalu\u00f1a-Hotel-Yola-e1581095807699-1.jpg 700w, https:\/\/hotelyola.com\/wp-content\/uploads\/Curso-de-Arte-2018-Dibuja-Catalu\u00f1a-Hotel-Yola-e1581095807699-1-300x150.jpg 300w\" sizes=\"(max-width: 700px) 100vw, 700px\" \/>\t\t\t\t\t\t\t\t<\/a>\n\t\t\t\t\t\t\t\t\t\t\t\t\t\t\t<\/div>\n\t\t\t\t<div class=\"elementor-element elementor-element-5674911 elementor-widget elementor-widget-heading\" data-id=\"5674911\" data-element_type=\"widget\" data-widget_type=\"heading.default\">\n\t\t\t\t\t<h2 class=\"elementor-heading-title elementor-size-default\"><a href=\"https:\/\/hotelyola.com\/curso-de-arte-2018-dibuja-cataluna\/\">Curs d'Art \u2013 Dibuixa Catalunya<\/a><\/h2>\t\t\t\t<\/div>\n\t\t\t\t<div class=\"elementor-element elementor-element-600ec69 elementor-widget elementor-widget-text-editor\" data-id=\"600ec69\" data-element_type=\"widget\" data-widget_type=\"text-editor.default\">\n\t\t\t\t\t\t\t\t\t<p>Omple el teu quadern d&#8217;esbossos. Inspira&#8217;t en espais per a artistes. Llum fabulosa i molt de sol.<\/p>\t\t\t\t\t\t\t\t<\/div>\n\t\t\t\t<div class=\"elementor-element elementor-element-30a28a0 elementor-align-center elementor-widget elementor-widget-button\" data-id=\"30a28a0\" data-element_type=\"widget\" data-widget_type=\"button.default\">\n\t\t\t\t\t\t\t\t\t\t<a class=\"elementor-button elementor-button-link elementor-size-sm\" href=\"https:\/\/hotelyola.com\/curso-de-arte-2018-dibuja-cataluna\/\">\n\t\t\t\t\t\t<span class=\"elementor-button-content-wrapper\">\n\t\t\t\t\t\t\t\t\t<span class=\"elementor-button-text\">Veure m\u00e9s<\/span>\n\t\t\t\t\t<\/span>\n\t\t\t\t\t<\/a>\n\t\t\t\t\t\t\t\t<\/div>\n\t\t\t\t\t<\/div>\n\t\t<\/div>\n\t\t\t\t\t<\/div>\n\t\t<\/section>\n\t\t\t\t<\/div>\n\t\t","protected":false},"excerpt":{"rendered":"<p>EXPERIENCIES Uneix-te a les nostres activitats ALTAFULLA URBAN ESCAPE L&#8217;Altafulla Urban Escape posar\u00e0 a prova l&#8217;enginy de tota la fam\u00edlia per resoldre el MISTERI i trobar el tresor de Ramonet, el pescador m\u00e9s popular d&#8217;Altafulla sota el relat de la hist\u00f2ria de les Bruixes d&#8217;Altafulla.\u00a0 Veure m\u00e9s Cap de Setmana \u00abCastanyada o Halloween\u00bb Us proposem [&hellip;]<\/p>\n","protected":false},"author":5,"featured_media":2564,"parent":0,"menu_order":0,"comment_status":"closed","ping_status":"closed","template":"","meta":{"_monsterinsights_skip_tracking":false,"_monsterinsights_sitenote_active":false,"_monsterinsights_sitenote_note":"","_monsterinsights_sitenote_category":0,"footnotes":""},"class_list":["post-1567","page","type-page","status-publish","has-post-thumbnail","hentry"],"_links":{"self":[{"href":"https:\/\/hotelyola.com\/ca\/wp-json\/wp\/v2\/pages\/1567","targetHints":{"allow":["GET"]}}],"collection":[{"href":"https:\/\/hotelyola.com\/ca\/wp-json\/wp\/v2\/pages"}],"about":[{"href":"https:\/\/hotelyola.com\/ca\/wp-json\/wp\/v2\/types\/page"}],"author":[{"embeddable":true,"href":"https:\/\/hotelyola.com\/ca\/wp-json\/wp\/v2\/users\/5"}],"replies":[{"embeddable":true,"href":"https:\/\/hotelyola.com\/ca\/wp-json\/wp\/v2\/comments?post=1567"}],"version-history":[{"count":12,"href":"https:\/\/hotelyola.com\/ca\/wp-json\/wp\/v2\/pages\/1567\/revisions"}],"predecessor-version":[{"id":8256,"href":"https:\/\/hotelyola.com\/ca\/wp-json\/wp\/v2\/pages\/1567\/revisions\/8256"}],"wp:featuredmedia":[{"embeddable":true,"href":"https:\/\/hotelyola.com\/ca\/wp-json\/wp\/v2\/media\/2564"}],"wp:attachment":[{"href":"https:\/\/hotelyola.com\/ca\/wp-json\/wp\/v2\/media?parent=1567"}],"curies":[{"name":"wp","href":"https:\/\/api.w.org\/{rel}","templated":true}]}}