{"id":1560,"date":"2018-11-30T11:30:54","date_gmt":"2018-11-30T11:30:54","guid":{"rendered":"https:\/\/hotelyola.com\/?page_id=1560"},"modified":"2018-11-30T15:38:04","modified_gmt":"2018-11-30T15:38:04","slug":"oci","status":"publish","type":"page","link":"https:\/\/hotelyola.com\/ca\/entorn\/oci\/","title":{"rendered":"Oci"},"content":{"rendered":"<h1 style=\"text-align: center;\">Descubreis l \u2019entorn del Hotel Yola<\/h1>\n<p>[columns][column size=&#8221;half&#8221; last=&#8221;no&#8221;]<\/p>\n<p><img decoding=\"async\" src=\"https:\/\/hotelyola.com\/wp-content\/uploads\/Hotel-Yola-Enoturismo01.jpg\" alt=\"\" \/><\/p>\n<h2 style=\"text-align: center;\">Enoturisme e Historia<\/h2>\n<p>La comarca del Priorat treu el seu nom de la primera comunitat cartoixana que es va fundar a la Pen\u00ednsula Ib\u00e8rica . Coneix els or\u00edgens de la regi\u00f3 i gaudeix d\u2019uns dels paisatges mes originals de Catalunya, on les terrasses de vinya i els petits pobles d\u2019origen medieval ens acompanyen per tota la comarca:<\/p>\n<p><strong>Cartoixa d\u2019 Escaladei:<\/strong> El Monestir  fundat al segle XII amb els monjos arribats de la Proven\u00e7a francesa varen trobar a la comarca el lloc perfecte per desenvolupar la vida espiritual al peu del Montsan, i crear les primeres bodegues de la zona , encara es poden visitar igual que les seves vinyes.<\/p>\n<p><strong>Siurana:<\/strong> Situat al bell mig de la muntanya amb unes espectaculars vistes del Priorat amb l\u2019embassament de Siurana on es pot practicar esports d\u2019aigua. Siurana va ser el \u00faltim terreny musulm\u00e0 reconquerit al 1154 de Catalunya. Cal destacar la seva DO d\u2019oli que es excel\u00b7lent.<\/p>\n<p>[\/column][column size=&#8221;half&#8221; last=&#8221;yes&#8221;]<\/p>\n<p><img decoding=\"async\" src=\"https:\/\/hotelyola.com\/wp-content\/uploads\/Hotel-Yola-Modernismo-en-l\u2019Alt-Camp01.jpg\" alt=\"\" \/><\/p>\n<h2 style=\"text-align: center;\">Modernisme a l &#8216;Alt Camp<\/h2>\n<p>Descobreix la DO Tarragona el ric patrimoni modernista de la comarca del Alt Camp.<\/p>\n<p>Una de les catedrals del vi es obra del genial arquitecte modernista <strong>Cesar Martinell<\/strong>, a la cooperativa de Nulles es poden realitzar visites guiades i tasts de vi.<br \/>\nL\u2019esgl\u00e9sia de Nostra Sra de Montserrat a Montferri unic edifici no civil de la zona obra del arquitecte Jujol deixeble de Gaudi i col\u00b7laborador de la Sagrada Fam\u00edlia de Barcelona.<\/p>\n<p>[\/column][\/columns]<\/p>\n<p>&nbsp;<\/p>\n<p>[columns][column size=&#8221;half&#8221; last=&#8221;no&#8221;]<\/p>\n<p><img decoding=\"async\" src=\"https:\/\/hotelyola.com\/wp-content\/uploads\/Hotel-Yola-PortAventura01.jpg\" alt=\"\" \/><\/p>\n<h2 style=\"text-align: center;\">Parcs tem\u00e0tics<\/h2>\n<p><strong>Port Aventura:<\/strong> Gaudeix de Port Aventura a nomes 20 minuts en cotxe des de Altafulla o directe amb tren des de l\u2019estaci\u00f3 de la vila fins a l\u2019estaci\u00f3 de Port Aventura a nomes 10 minuts. Pots comprar les entrades del park al hotel per no fer cues a les entrades o aprofitar les ofertes de 2 dies d\u2019entrades al preu de 1.<\/p>\n<p><strong>Aquoplis:<\/strong> Una amplia col\u00b7lecci\u00f3 de piscines i jocs aqu\u00e0tics per tota la fam\u00edlia envoltat de una important zona de jardins on pasar tot el dia, no te perdis el espai del Delfinari on podras aproparte mes que mai com no t\u2019hauries.<\/p>\n<p>[\/column][column size=&#8221;half&#8221; last=&#8221;yes&#8221;]<\/p>\n<p><img decoding=\"async\" src=\"https:\/\/hotelyola.com\/wp-content\/uploads\/Hotel-Yola-Academia-de-Sirenas.jpg\" alt=\"\" \/><\/p>\n<h2 style=\"text-align: center;\">Acad\u00e8mia de Sirenes<\/h2>\n<p>SIRENES PER UN DIA:<\/p>\n<p>Benvingut a una experiencia \u00fanica converteix te  en sirena o trito i gaudeix d&#8217;una jornada inoblidable, Prepara la teva festa amb amics i familia i pasa un cap de semana al hotel sera una experiencia \u00fanica.<\/p>\n<p>1 nit d&#8217;hotel amb esmorzar i activitat inclosa.<\/p>\n<p>[\/column][\/columns]<\/p>\n<p>&nbsp;<\/p>\n","protected":false},"excerpt":{"rendered":"<p>Descubreis l \u2019entorn del Hotel Yola [columns][column size=&#8221;half&#8221; last=&#8221;no&#8221;] Enoturisme e Historia La comarca del Priorat treu el seu nom de la primera comunitat cartoixana que es va fundar a la Pen\u00ednsula Ib\u00e8rica . Coneix els or\u00edgens de la regi\u00f3 i gaudeix d\u2019uns dels paisatges mes originals de Catalunya, on les terrasses de vinya i [&hellip;]<\/p>\n","protected":false},"author":5,"featured_media":1562,"parent":1540,"menu_order":0,"comment_status":"closed","ping_status":"closed","template":"page-full-width.php","meta":{"_monsterinsights_skip_tracking":false,"_monsterinsights_sitenote_active":false,"_monsterinsights_sitenote_note":"","_monsterinsights_sitenote_category":0,"footnotes":""},"class_list":["post-1560","page","type-page","status-publish","has-post-thumbnail","hentry"],"_links":{"self":[{"href":"https:\/\/hotelyola.com\/ca\/wp-json\/wp\/v2\/pages\/1560","targetHints":{"allow":["GET"]}}],"collection":[{"href":"https:\/\/hotelyola.com\/ca\/wp-json\/wp\/v2\/pages"}],"about":[{"href":"https:\/\/hotelyola.com\/ca\/wp-json\/wp\/v2\/types\/page"}],"author":[{"embeddable":true,"href":"https:\/\/hotelyola.com\/ca\/wp-json\/wp\/v2\/users\/5"}],"replies":[{"embeddable":true,"href":"https:\/\/hotelyola.com\/ca\/wp-json\/wp\/v2\/comments?post=1560"}],"version-history":[{"count":0,"href":"https:\/\/hotelyola.com\/ca\/wp-json\/wp\/v2\/pages\/1560\/revisions"}],"up":[{"embeddable":true,"href":"https:\/\/hotelyola.com\/ca\/wp-json\/wp\/v2\/pages\/1540"}],"wp:featuredmedia":[{"embeddable":true,"href":"https:\/\/hotelyola.com\/ca\/wp-json\/wp\/v2\/media\/1562"}],"wp:attachment":[{"href":"https:\/\/hotelyola.com\/ca\/wp-json\/wp\/v2\/media?parent=1560"}],"curies":[{"name":"wp","href":"https:\/\/api.w.org\/{rel}","templated":true}]}}