{"id":1553,"date":"2018-11-30T11:16:01","date_gmt":"2018-11-30T11:16:01","guid":{"rendered":"https:\/\/hotelyola.com\/?page_id=1553"},"modified":"2026-01-30T11:22:13","modified_gmt":"2026-01-30T11:22:13","slug":"naturalesa","status":"publish","type":"page","link":"https:\/\/hotelyola.com\/ca\/entorn\/naturalesa\/","title":{"rendered":"Naturalesa"},"content":{"rendered":"\t\t<div data-elementor-type=\"wp-page\" data-elementor-id=\"1553\" class=\"elementor elementor-1553 elementor-332\" data-elementor-post-type=\"page\">\n\t\t\t\t\t\t<section class=\"elementor-section elementor-top-section elementor-element elementor-element-16c8971 elementor-section-height-min-height elementor-section-boxed elementor-section-height-default elementor-section-items-middle\" data-id=\"16c8971\" data-element_type=\"section\" data-settings=\"{&quot;background_background&quot;:&quot;classic&quot;,&quot;background_motion_fx_motion_fx_scrolling&quot;:&quot;yes&quot;,&quot;background_motion_fx_translateY_effect&quot;:&quot;yes&quot;,&quot;background_motion_fx_translateY_speed&quot;:{&quot;unit&quot;:&quot;px&quot;,&quot;size&quot;:1,&quot;sizes&quot;:[]},&quot;background_motion_fx_translateY_affectedRange&quot;:{&quot;unit&quot;:&quot;%&quot;,&quot;size&quot;:&quot;&quot;,&quot;sizes&quot;:{&quot;start&quot;:0,&quot;end&quot;:100}},&quot;background_motion_fx_devices&quot;:[&quot;desktop&quot;,&quot;tablet&quot;,&quot;mobile&quot;]}\">\n\t\t\t\t\t\t<div class=\"elementor-container elementor-column-gap-default\">\n\t\t\t\t\t<div class=\"elementor-column elementor-col-100 elementor-top-column elementor-element elementor-element-d8b04dd\" data-id=\"d8b04dd\" data-element_type=\"column\">\n\t\t\t<div class=\"elementor-widget-wrap elementor-element-populated\">\n\t\t\t\t\t\t<div class=\"elementor-element elementor-element-e22b6e5 elementor-widget elementor-widget-image\" data-id=\"e22b6e5\" data-element_type=\"widget\" data-widget_type=\"image.default\">\n\t\t\t\t\t\t\t\t\t\t\t\t\t\t\t<img fetchpriority=\"high\" decoding=\"async\" width=\"512\" height=\"512\" src=\"https:\/\/hotelyola.com\/wp-content\/uploads\/cropped-Badge-Hotel-Restaurant-Yola-1-1.png\" class=\"attachment-large size-large wp-image-7393\" alt=\"\" srcset=\"https:\/\/hotelyola.com\/wp-content\/uploads\/cropped-Badge-Hotel-Restaurant-Yola-1-1.png 512w, https:\/\/hotelyola.com\/wp-content\/uploads\/cropped-Badge-Hotel-Restaurant-Yola-1-1-300x300.png 300w, https:\/\/hotelyola.com\/wp-content\/uploads\/cropped-Badge-Hotel-Restaurant-Yola-1-1-150x150.png 150w\" sizes=\"(max-width: 512px) 100vw, 512px\" \/>\t\t\t\t\t\t\t\t\t\t\t\t\t\t\t<\/div>\n\t\t\t\t\t<\/div>\n\t\t<\/div>\n\t\t\t\t\t<\/div>\n\t\t<\/section>\n\t\t\t\t<section class=\"elementor-section elementor-top-section elementor-element elementor-element-b6384b8 elementor-section-boxed elementor-section-height-default elementor-section-height-default\" data-id=\"b6384b8\" data-element_type=\"section\">\n\t\t\t\t\t\t<div class=\"elementor-container elementor-column-gap-default\">\n\t\t\t\t\t<div class=\"elementor-column elementor-col-100 elementor-top-column elementor-element elementor-element-c48b3fc\" data-id=\"c48b3fc\" data-element_type=\"column\">\n\t\t\t<div class=\"elementor-widget-wrap elementor-element-populated\">\n\t\t\t\t\t\t<div class=\"elementor-element elementor-element-7b263aa elementor-widget elementor-widget-heading\" data-id=\"7b263aa\" data-element_type=\"widget\" data-widget_type=\"heading.default\">\n\t\t\t\t\t<h1 class=\"elementor-heading-title elementor-size-default\">NATURALESA<\/h1>\t\t\t\t<\/div>\n\t\t\t\t\t<\/div>\n\t\t<\/div>\n\t\t\t\t\t<\/div>\n\t\t<\/section>\n\t\t\t\t<section class=\"elementor-section elementor-top-section elementor-element elementor-element-a7940e2 elementor-section-boxed elementor-section-height-default elementor-section-height-default\" data-id=\"a7940e2\" data-element_type=\"section\">\n\t\t\t\t\t\t<div class=\"elementor-container elementor-column-gap-default\">\n\t\t\t\t\t<div class=\"elementor-column elementor-col-50 elementor-top-column elementor-element elementor-element-397884a\" data-id=\"397884a\" data-element_type=\"column\">\n\t\t\t<div class=\"elementor-widget-wrap elementor-element-populated\">\n\t\t\t\t\t\t<div class=\"elementor-element elementor-element-996efa0 elementor-widget elementor-widget-heading\" data-id=\"996efa0\" data-element_type=\"widget\" data-widget_type=\"heading.default\">\n\t\t\t\t\t<h2 class=\"elementor-heading-title elementor-size-default\">Senderisme<\/h2>\t\t\t\t<\/div>\n\t\t\t\t<div class=\"elementor-element elementor-element-d8b76ef elementor-widget elementor-widget-text-editor\" data-id=\"d8b76ef\" data-element_type=\"widget\" data-widget_type=\"text-editor.default\">\n\t\t\t\t\t\t\t\t\t<p>Explora els senders de la Costa Daurada i descobreix paisatges que et connecten amb l&#8217;ess\u00e8ncia mediterr\u00e0nia. Des del nostre hotel tens acc\u00e9s a rutes fascinants que combinen natura, costa i patrimoni.\u00a0<\/p><p>Entre les rutes m\u00e9s destacades, una que parteix des <strong>d&#8217;Altafulla<\/strong> recorre el Castell de Ferran, el curs baix del riu Gaia i connecta amb el Castell de Tamarit, passant per la vil\u00b7la romana dels Munts.\u00a0<\/p><p>Podr\u00e0s caminar per cales amagades, penya-segats, rec\u00f3rrer el\u00a0<strong>GR\u201192&#8230;<\/strong> Moltes rutes s\u00f3n circulars i assequibles perqu\u00e8 gaudeixis del paisatge al teu ritme.<\/p>\t\t\t\t\t\t\t\t<\/div>\n\t\t\t\t<div class=\"elementor-element elementor-element-efa5af5 elementor-align-center elementor-widget elementor-widget-button\" data-id=\"efa5af5\" data-element_type=\"widget\" data-widget_type=\"button.default\">\n\t\t\t\t\t\t\t\t\t\t<a class=\"elementor-button elementor-button-link elementor-size-sm\" href=\"https:\/\/es.wikiloc.com\/rutas\/senderismo\/espana\/catalunya\/tarragona\">\n\t\t\t\t\t\t<span class=\"elementor-button-content-wrapper\">\n\t\t\t\t\t\t\t\t\t<span class=\"elementor-button-text\">Veure rutes<\/span>\n\t\t\t\t\t<\/span>\n\t\t\t\t\t<\/a>\n\t\t\t\t\t\t\t\t<\/div>\n\t\t\t\t\t<\/div>\n\t\t<\/div>\n\t\t\t\t<div class=\"elementor-column elementor-col-50 elementor-top-column elementor-element elementor-element-aa68333\" data-id=\"aa68333\" data-element_type=\"column\">\n\t\t\t<div class=\"elementor-widget-wrap elementor-element-populated\">\n\t\t\t\t\t\t<div class=\"elementor-element elementor-element-4490200 elementor-widget elementor-widget-image\" data-id=\"4490200\" data-element_type=\"widget\" data-widget_type=\"image.default\">\n\t\t\t\t\t\t\t\t\t\t\t\t\t\t\t<img decoding=\"async\" width=\"600\" height=\"438\" src=\"https:\/\/hotelyola.com\/wp-content\/uploads\/Hotel-Yola-Entorno-Senderismo-Rutas-GR-1.jpg\" class=\"attachment-large size-large wp-image-7560\" alt=\"Hotel-Yola-Entorno-Senderismo-Ruta\" srcset=\"https:\/\/hotelyola.com\/wp-content\/uploads\/Hotel-Yola-Entorno-Senderismo-Rutas-GR-1.jpg 600w, https:\/\/hotelyola.com\/wp-content\/uploads\/Hotel-Yola-Entorno-Senderismo-Rutas-GR-1-300x219.jpg 300w\" sizes=\"(max-width: 600px) 100vw, 600px\" \/>\t\t\t\t\t\t\t\t\t\t\t\t\t\t\t<\/div>\n\t\t\t\t\t<\/div>\n\t\t<\/div>\n\t\t\t\t\t<\/div>\n\t\t<\/section>\n\t\t\t\t<section class=\"elementor-section elementor-top-section elementor-element elementor-element-8cc520c elementor-section-boxed elementor-section-height-default elementor-section-height-default\" data-id=\"8cc520c\" data-element_type=\"section\">\n\t\t\t\t\t\t<div class=\"elementor-container elementor-column-gap-default\">\n\t\t\t\t\t<div class=\"elementor-column elementor-col-50 elementor-top-column elementor-element elementor-element-6e653a9\" data-id=\"6e653a9\" data-element_type=\"column\">\n\t\t\t<div class=\"elementor-widget-wrap elementor-element-populated\">\n\t\t\t\t\t\t<div class=\"elementor-element elementor-element-57d6b56 elementor-widget elementor-widget-image\" data-id=\"57d6b56\" data-element_type=\"widget\" data-widget_type=\"image.default\">\n\t\t\t\t\t\t\t\t\t\t\t\t\t\t\t<img decoding=\"async\" width=\"600\" height=\"438\" src=\"https:\/\/hotelyola.com\/wp-content\/uploads\/Hotel-Yola-Entorno-Attafulla-playa-1.jpg\" class=\"attachment-large size-large wp-image-7563\" alt=\"Hotel-Yola-Entorno-Attafulla\" srcset=\"https:\/\/hotelyola.com\/wp-content\/uploads\/Hotel-Yola-Entorno-Attafulla-playa-1.jpg 600w, https:\/\/hotelyola.com\/wp-content\/uploads\/Hotel-Yola-Entorno-Attafulla-playa-1-300x219.jpg 300w\" sizes=\"(max-width: 600px) 100vw, 600px\" \/>\t\t\t\t\t\t\t\t\t\t\t\t\t\t\t<\/div>\n\t\t\t\t\t<\/div>\n\t\t<\/div>\n\t\t\t\t<div class=\"elementor-column elementor-col-50 elementor-top-column elementor-element elementor-element-f26a5d9\" data-id=\"f26a5d9\" data-element_type=\"column\">\n\t\t\t<div class=\"elementor-widget-wrap elementor-element-populated\">\n\t\t\t\t\t\t<div class=\"elementor-element elementor-element-e982e69 elementor-widget elementor-widget-heading\" data-id=\"e982e69\" data-element_type=\"widget\" data-widget_type=\"heading.default\">\n\t\t\t\t\t<h2 class=\"elementor-heading-title elementor-size-default\">Platges d'Altafulla<\/h2>\t\t\t\t<\/div>\n\t\t\t\t<div class=\"elementor-element elementor-element-3c13484 elementor-widget elementor-widget-text-editor\" data-id=\"3c13484\" data-element_type=\"widget\" data-widget_type=\"text-editor.default\">\n\t\t\t\t\t\t\t\t\t<p>Altafulla gaudeix d&#8217;un litoral cuidat i ben equipat que converteix les seves platges en un gran atractiu per a visitants de totes les edats.\u00a0<\/p><p>La<strong> Platja d&#8217;Altafulla<\/strong> \u00e9s una platja llarga de m\u00e9s <strong>d&#8217;un quil\u00f2metre<\/strong>, amb sorra fina i daurada i l&#8217;acc\u00e9s a l&#8217;aigua \u00e9s suau i gradual, cosa que la fa especialment adequada per a fam\u00edlies amb nens.\u00a0<\/p><p>Pots fer una passejada molt agradable fins al <strong>Castell de Tamarit<\/strong>, permetent veure aquesta joia costanera des de la sorra.<\/p>\t\t\t\t\t\t\t\t<\/div>\n\t\t\t\t\t<\/div>\n\t\t<\/div>\n\t\t\t\t\t<\/div>\n\t\t<\/section>\n\t\t\t\t<section class=\"elementor-section elementor-top-section elementor-element elementor-element-1fb540e elementor-section-boxed elementor-section-height-default elementor-section-height-default\" data-id=\"1fb540e\" data-element_type=\"section\">\n\t\t\t\t\t\t<div class=\"elementor-container elementor-column-gap-default\">\n\t\t\t\t\t<div class=\"elementor-column elementor-col-50 elementor-top-column elementor-element elementor-element-a57af1d\" data-id=\"a57af1d\" data-element_type=\"column\">\n\t\t\t<div class=\"elementor-widget-wrap elementor-element-populated\">\n\t\t\t\t\t\t<div class=\"elementor-element elementor-element-3b8d850 elementor-widget elementor-widget-heading\" data-id=\"3b8d850\" data-element_type=\"widget\" data-widget_type=\"heading.default\">\n\t\t\t\t\t<h2 class=\"elementor-heading-title elementor-size-default\">El Delta de l'Ebre<\/h2>\t\t\t\t<\/div>\n\t\t\t\t<div class=\"elementor-element elementor-element-1e6c970 elementor-widget elementor-widget-text-editor\" data-id=\"1e6c970\" data-element_type=\"widget\" data-widget_type=\"text-editor.default\">\n\t\t\t\t\t\t\t\t\t<p>A tan sols <strong>45 minuts amb cotxe<\/strong> es troba un dels espais naturals m\u00e9s fascinants de la pen\u00ednsula Ib\u00e8rica: el Delta de l&#8217;Ebre.<\/p><p>Aquest parc natural \u00e9s un aut\u00e8ntic santuari per als amants de la natura, llar d&#8217;una impressionant diversitat d&#8217;aus: flamencs, agrons, martinets i moltes esp\u00e8cies migrat\u00f2ries que el trien com a lloc de descans i nidificaci\u00f3.<\/p><p>Al Delta podr\u00e0s observar aus en llibertat, rec\u00f3rrer els arrossars que canvien de color amb les estacions, navegar fins a la desembocadura del riu Ebre o pedalar entre canals i llacunes mentre gaudeixes del paisatge m\u00e9s pur del Mediterrani.<\/p><p>El Delta de l&#8217;Ebre no \u00e9s nom\u00e9s una visita: \u00e9s una <strong>experi\u00e8ncia sensorial<\/strong> on l&#8217;aigua, la terra i el cel es fonen en un paisatge inoblidable.<\/p>\t\t\t\t\t\t\t\t<\/div>\n\t\t\t\t<div class=\"elementor-element elementor-element-5472aae elementor-align-center elementor-widget elementor-widget-button\" data-id=\"5472aae\" data-element_type=\"widget\" data-widget_type=\"button.default\">\n\t\t\t\t\t\t\t\t\t\t<a class=\"elementor-button elementor-button-link elementor-size-sm\" href=\"https:\/\/www.turismodeltadelebro.com\/delta-del-ebro-que-ver-y-hacer\/\">\n\t\t\t\t\t\t<span class=\"elementor-button-content-wrapper\">\n\t\t\t\t\t\t\t\t\t<span class=\"elementor-button-text\">Veure rutes<\/span>\n\t\t\t\t\t<\/span>\n\t\t\t\t\t<\/a>\n\t\t\t\t\t\t\t\t<\/div>\n\t\t\t\t\t<\/div>\n\t\t<\/div>\n\t\t\t\t<div class=\"elementor-column elementor-col-50 elementor-top-column elementor-element elementor-element-c241351\" data-id=\"c241351\" data-element_type=\"column\">\n\t\t\t<div class=\"elementor-widget-wrap elementor-element-populated\">\n\t\t\t\t\t\t<div class=\"elementor-element elementor-element-09b4c33 elementor-widget elementor-widget-image\" data-id=\"09b4c33\" data-element_type=\"widget\" data-widget_type=\"image.default\">\n\t\t\t\t\t\t\t\t\t\t\t\t\t\t\t<img loading=\"lazy\" decoding=\"async\" width=\"600\" height=\"438\" src=\"https:\/\/hotelyola.com\/wp-content\/uploads\/Hotel-Yola-Entorno-Delta-del-Ebre01-1.jpg\" class=\"attachment-large size-large wp-image-7566\" alt=\"Hotel-Yola-Entorno-Delta-del-Ebre\" srcset=\"https:\/\/hotelyola.com\/wp-content\/uploads\/Hotel-Yola-Entorno-Delta-del-Ebre01-1.jpg 600w, https:\/\/hotelyola.com\/wp-content\/uploads\/Hotel-Yola-Entorno-Delta-del-Ebre01-1-300x219.jpg 300w\" sizes=\"(max-width: 600px) 100vw, 600px\" \/>\t\t\t\t\t\t\t\t\t\t\t\t\t\t\t<\/div>\n\t\t\t\t\t<\/div>\n\t\t<\/div>\n\t\t\t\t\t<\/div>\n\t\t<\/section>\n\t\t\t\t<\/div>\n\t\t","protected":false},"excerpt":{"rendered":"<p>NATURALESA Senderisme Explora els senders de la Costa Daurada i descobreix paisatges que et connecten amb l&#8217;ess\u00e8ncia mediterr\u00e0nia. Des del nostre hotel tens acc\u00e9s a rutes fascinants que combinen natura, costa i patrimoni.\u00a0 Entre les rutes m\u00e9s destacades, una que parteix des d&#8217;Altafulla recorre el Castell de Ferran, el curs baix del riu Gaia i [&hellip;]<\/p>\n","protected":false},"author":5,"featured_media":1555,"parent":1540,"menu_order":0,"comment_status":"closed","ping_status":"closed","template":"","meta":{"_monsterinsights_skip_tracking":false,"_monsterinsights_sitenote_active":false,"_monsterinsights_sitenote_note":"","_monsterinsights_sitenote_category":0,"footnotes":""},"class_list":["post-1553","page","type-page","status-publish","has-post-thumbnail","hentry"],"_links":{"self":[{"href":"https:\/\/hotelyola.com\/ca\/wp-json\/wp\/v2\/pages\/1553","targetHints":{"allow":["GET"]}}],"collection":[{"href":"https:\/\/hotelyola.com\/ca\/wp-json\/wp\/v2\/pages"}],"about":[{"href":"https:\/\/hotelyola.com\/ca\/wp-json\/wp\/v2\/types\/page"}],"author":[{"embeddable":true,"href":"https:\/\/hotelyola.com\/ca\/wp-json\/wp\/v2\/users\/5"}],"replies":[{"embeddable":true,"href":"https:\/\/hotelyola.com\/ca\/wp-json\/wp\/v2\/comments?post=1553"}],"version-history":[{"count":6,"href":"https:\/\/hotelyola.com\/ca\/wp-json\/wp\/v2\/pages\/1553\/revisions"}],"predecessor-version":[{"id":8249,"href":"https:\/\/hotelyola.com\/ca\/wp-json\/wp\/v2\/pages\/1553\/revisions\/8249"}],"up":[{"embeddable":true,"href":"https:\/\/hotelyola.com\/ca\/wp-json\/wp\/v2\/pages\/1540"}],"wp:featuredmedia":[{"embeddable":true,"href":"https:\/\/hotelyola.com\/ca\/wp-json\/wp\/v2\/media\/1555"}],"wp:attachment":[{"href":"https:\/\/hotelyola.com\/ca\/wp-json\/wp\/v2\/media?parent=1553"}],"curies":[{"name":"wp","href":"https:\/\/api.w.org\/{rel}","templated":true}]}}