{"id":1546,"date":"2018-11-30T11:07:00","date_gmt":"2018-11-30T11:07:00","guid":{"rendered":"https:\/\/hotelyola.com\/?page_id=1546"},"modified":"2026-01-30T11:20:28","modified_gmt":"2026-01-30T11:20:28","slug":"esport","status":"publish","type":"page","link":"https:\/\/hotelyola.com\/ca\/entorn\/esport\/","title":{"rendered":"Esport"},"content":{"rendered":"\t\t<div data-elementor-type=\"wp-page\" data-elementor-id=\"1546\" class=\"elementor elementor-1546 elementor-334\" data-elementor-post-type=\"page\">\n\t\t\t\t\t\t<section class=\"elementor-section elementor-top-section elementor-element elementor-element-ca6bd7d elementor-section-height-min-height elementor-section-boxed elementor-section-height-default elementor-section-items-middle\" data-id=\"ca6bd7d\" data-element_type=\"section\" data-settings=\"{&quot;background_background&quot;:&quot;classic&quot;,&quot;background_motion_fx_motion_fx_scrolling&quot;:&quot;yes&quot;,&quot;background_motion_fx_translateY_effect&quot;:&quot;yes&quot;,&quot;background_motion_fx_translateY_speed&quot;:{&quot;unit&quot;:&quot;px&quot;,&quot;size&quot;:1,&quot;sizes&quot;:[]},&quot;background_motion_fx_translateY_affectedRange&quot;:{&quot;unit&quot;:&quot;%&quot;,&quot;size&quot;:&quot;&quot;,&quot;sizes&quot;:{&quot;start&quot;:0,&quot;end&quot;:100}},&quot;background_motion_fx_devices&quot;:[&quot;desktop&quot;,&quot;tablet&quot;,&quot;mobile&quot;]}\">\n\t\t\t\t\t\t<div class=\"elementor-container elementor-column-gap-default\">\n\t\t\t\t\t<div class=\"elementor-column elementor-col-100 elementor-top-column elementor-element elementor-element-079c7ca\" data-id=\"079c7ca\" data-element_type=\"column\">\n\t\t\t<div class=\"elementor-widget-wrap elementor-element-populated\">\n\t\t\t\t\t\t<div class=\"elementor-element elementor-element-df2b3e2 elementor-widget elementor-widget-image\" data-id=\"df2b3e2\" data-element_type=\"widget\" data-widget_type=\"image.default\">\n\t\t\t\t\t\t\t\t\t\t\t\t\t\t\t<img fetchpriority=\"high\" decoding=\"async\" width=\"512\" height=\"512\" src=\"https:\/\/hotelyola.com\/wp-content\/uploads\/cropped-Badge-Hotel-Restaurant-Yola-1-1.png\" class=\"attachment-large size-large wp-image-7393\" alt=\"\" srcset=\"https:\/\/hotelyola.com\/wp-content\/uploads\/cropped-Badge-Hotel-Restaurant-Yola-1-1.png 512w, https:\/\/hotelyola.com\/wp-content\/uploads\/cropped-Badge-Hotel-Restaurant-Yola-1-1-300x300.png 300w, https:\/\/hotelyola.com\/wp-content\/uploads\/cropped-Badge-Hotel-Restaurant-Yola-1-1-150x150.png 150w\" sizes=\"(max-width: 512px) 100vw, 512px\" \/>\t\t\t\t\t\t\t\t\t\t\t\t\t\t\t<\/div>\n\t\t\t\t\t<\/div>\n\t\t<\/div>\n\t\t\t\t\t<\/div>\n\t\t<\/section>\n\t\t\t\t<section class=\"elementor-section elementor-top-section elementor-element elementor-element-3256beb elementor-section-boxed elementor-section-height-default elementor-section-height-default\" data-id=\"3256beb\" data-element_type=\"section\">\n\t\t\t\t\t\t<div class=\"elementor-container elementor-column-gap-default\">\n\t\t\t\t\t<div class=\"elementor-column elementor-col-100 elementor-top-column elementor-element elementor-element-d6018da\" data-id=\"d6018da\" data-element_type=\"column\">\n\t\t\t<div class=\"elementor-widget-wrap elementor-element-populated\">\n\t\t\t\t\t\t<div class=\"elementor-element elementor-element-7fe5af3 elementor-widget elementor-widget-heading\" data-id=\"7fe5af3\" data-element_type=\"widget\" data-widget_type=\"heading.default\">\n\t\t\t\t\t<h1 class=\"elementor-heading-title elementor-size-default\">ESPORT<\/h1>\t\t\t\t<\/div>\n\t\t\t\t\t<\/div>\n\t\t<\/div>\n\t\t\t\t\t<\/div>\n\t\t<\/section>\n\t\t\t\t<section class=\"elementor-section elementor-top-section elementor-element elementor-element-3460cf2 elementor-section-boxed elementor-section-height-default elementor-section-height-default\" data-id=\"3460cf2\" data-element_type=\"section\">\n\t\t\t\t\t\t<div class=\"elementor-container elementor-column-gap-default\">\n\t\t\t\t\t<div class=\"elementor-column elementor-col-50 elementor-top-column elementor-element elementor-element-38f0b5a\" data-id=\"38f0b5a\" data-element_type=\"column\">\n\t\t\t<div class=\"elementor-widget-wrap elementor-element-populated\">\n\t\t\t\t\t\t<div class=\"elementor-element elementor-element-866ce71 elementor-widget elementor-widget-image\" data-id=\"866ce71\" data-element_type=\"widget\" data-widget_type=\"image.default\">\n\t\t\t\t\t\t\t\t\t\t\t\t\t\t\t<img decoding=\"async\" width=\"600\" height=\"438\" src=\"https:\/\/hotelyola.com\/wp-content\/uploads\/Hotel-Yola-Instalaciones-deportivas-01-1.jpg\" class=\"attachment-large size-large wp-image-7580\" alt=\"Hotel-Yola-Instalaciones-deportivas\" srcset=\"https:\/\/hotelyola.com\/wp-content\/uploads\/Hotel-Yola-Instalaciones-deportivas-01-1.jpg 600w, https:\/\/hotelyola.com\/wp-content\/uploads\/Hotel-Yola-Instalaciones-deportivas-01-1-300x219.jpg 300w\" sizes=\"(max-width: 600px) 100vw, 600px\" \/>\t\t\t\t\t\t\t\t\t\t\t\t\t\t\t<\/div>\n\t\t\t\t\t<\/div>\n\t\t<\/div>\n\t\t\t\t<div class=\"elementor-column elementor-col-50 elementor-top-column elementor-element elementor-element-8845cc6\" data-id=\"8845cc6\" data-element_type=\"column\">\n\t\t\t<div class=\"elementor-widget-wrap elementor-element-populated\">\n\t\t\t\t\t\t<div class=\"elementor-element elementor-element-05381c1 elementor-widget elementor-widget-heading\" data-id=\"05381c1\" data-element_type=\"widget\" data-widget_type=\"heading.default\">\n\t\t\t\t\t<h2 class=\"elementor-heading-title elementor-size-default\">Instal\u00b7lacions Esportives<\/h2>\t\t\t\t<\/div>\n\t\t\t\t<div class=\"elementor-element elementor-element-5d0a95a elementor-widget elementor-widget-text-editor\" data-id=\"5d0a95a\" data-element_type=\"widget\" data-widget_type=\"text-editor.default\">\n\t\t\t\t\t\t\t\t\t<p>Altafulla compta amb una xarxa d&#8217;instal\u00b7lacions esportives excel\u00b7lent, integrades en un entorn natural privilegiat que convida a l&#8217;activitat f\u00edsica a l&#8217;aire lliure durant tot l&#8217;any.<\/p><p>Tant si practiques esport de forma habitual com si nom\u00e9s vols mantenir-te en forma durant la teva estada, trobar\u00e0s m\u00faltiples opcions:<strong> camps de futbol, \u200b\u200bpistes de v\u00f2lei platja, <\/strong>zones per a<strong> futbol platja<\/strong>, circuits per c\u00f3rrer o caminar i espais polivalents per a diferents activitats esportives.<\/p>\t\t\t\t\t\t\t\t<\/div>\n\t\t\t\t\t<\/div>\n\t\t<\/div>\n\t\t\t\t\t<\/div>\n\t\t<\/section>\n\t\t\t\t<section class=\"elementor-section elementor-top-section elementor-element elementor-element-856b630 elementor-section-boxed elementor-section-height-default elementor-section-height-default\" data-id=\"856b630\" data-element_type=\"section\">\n\t\t\t\t\t\t<div class=\"elementor-container elementor-column-gap-default\">\n\t\t\t\t\t<div class=\"elementor-column elementor-col-50 elementor-top-column elementor-element elementor-element-df6fc40\" data-id=\"df6fc40\" data-element_type=\"column\">\n\t\t\t<div class=\"elementor-widget-wrap elementor-element-populated\">\n\t\t\t\t\t\t<div class=\"elementor-element elementor-element-fa1f034 elementor-widget elementor-widget-heading\" data-id=\"fa1f034\" data-element_type=\"widget\" data-widget_type=\"heading.default\">\n\t\t\t\t\t<h2 class=\"elementor-heading-title elementor-size-default\">Club Mar\u00edtim Altafulla<\/h2>\t\t\t\t<\/div>\n\t\t\t\t<div class=\"elementor-element elementor-element-dae66ff elementor-widget elementor-widget-text-editor\" data-id=\"dae66ff\" data-element_type=\"widget\" data-widget_type=\"text-editor.default\">\n\t\t\t\t\t\t\t\t\t<p>El <strong>Club Mar\u00edtim d&#8217;Altafulla<\/strong>, situat en un entorn privilegiat, a peu de platja, \u00e9s un referent de l&#8217;esport n\u00e0utic a la Costa Daurada. Al llarg dels anys, ha acollit competicions de vela d&#8217;alt nivell, tant nacionals com internacionals, i ha consolidat el seu prestigi al m\u00f3n esportiu.<\/p><p>El club ofereix una \u00e0mplia gamma d&#8217;activitats per a totes les edats: <strong>lloguer de caiacs, escola de vela, baptismes de mar<\/strong> i sortides guiades per als que vulguin iniciar-se o perfeccionar la seva t\u00e8cnica al mar.\u00a0<\/p><p>Una proposta perfecta per als que busquen aventura, esport i mar\u2026 tot en un mateix lloc.<\/p>\t\t\t\t\t\t\t\t<\/div>\n\t\t\t\t<div class=\"elementor-element elementor-element-a3a03f0 elementor-align-center elementor-widget elementor-widget-button\" data-id=\"a3a03f0\" data-element_type=\"widget\" data-widget_type=\"button.default\">\n\t\t\t\t\t\t\t\t\t\t<a class=\"elementor-button elementor-button-link elementor-size-sm\" href=\"https:\/\/clubmaritimaltafulla.com\/es\/inicio\/\">\n\t\t\t\t\t\t<span class=\"elementor-button-content-wrapper\">\n\t\t\t\t\t\t\t\t\t<span class=\"elementor-button-text\">Visita el Club<\/span>\n\t\t\t\t\t<\/span>\n\t\t\t\t\t<\/a>\n\t\t\t\t\t\t\t\t<\/div>\n\t\t\t\t\t<\/div>\n\t\t<\/div>\n\t\t\t\t<div class=\"elementor-column elementor-col-50 elementor-top-column elementor-element elementor-element-1cc6cec\" data-id=\"1cc6cec\" data-element_type=\"column\">\n\t\t\t<div class=\"elementor-widget-wrap elementor-element-populated\">\n\t\t\t\t\t\t<div class=\"elementor-element elementor-element-f0e2489 elementor-widget elementor-widget-image\" data-id=\"f0e2489\" data-element_type=\"widget\" data-widget_type=\"image.default\">\n\t\t\t\t\t\t\t\t\t\t\t\t\t\t\t<img decoding=\"async\" width=\"600\" height=\"438\" src=\"https:\/\/hotelyola.com\/wp-content\/uploads\/Hotel-Yola-Club-Maritimo-Altafulla-01-1.jpg\" class=\"attachment-large size-large wp-image-7583\" alt=\"Hotel-Yola-Club-Maritimo-Altafulla\" srcset=\"https:\/\/hotelyola.com\/wp-content\/uploads\/Hotel-Yola-Club-Maritimo-Altafulla-01-1.jpg 600w, https:\/\/hotelyola.com\/wp-content\/uploads\/Hotel-Yola-Club-Maritimo-Altafulla-01-1-300x219.jpg 300w\" sizes=\"(max-width: 600px) 100vw, 600px\" \/>\t\t\t\t\t\t\t\t\t\t\t\t\t\t\t<\/div>\n\t\t\t\t\t<\/div>\n\t\t<\/div>\n\t\t\t\t\t<\/div>\n\t\t<\/section>\n\t\t\t\t<section class=\"elementor-section elementor-top-section elementor-element elementor-element-5b0c7b2 elementor-section-boxed elementor-section-height-default elementor-section-height-default\" data-id=\"5b0c7b2\" data-element_type=\"section\">\n\t\t\t\t\t\t<div class=\"elementor-container elementor-column-gap-default\">\n\t\t\t\t\t<div class=\"elementor-column elementor-col-50 elementor-top-column elementor-element elementor-element-c467414\" data-id=\"c467414\" data-element_type=\"column\">\n\t\t\t<div class=\"elementor-widget-wrap elementor-element-populated\">\n\t\t\t\t\t\t<div class=\"elementor-element elementor-element-d14c7a9 elementor-widget elementor-widget-image\" data-id=\"d14c7a9\" data-element_type=\"widget\" data-widget_type=\"image.default\">\n\t\t\t\t\t\t\t\t\t\t\t\t\t\t\t<img decoding=\"async\" src=\"https:\/\/hotelyola.com\/wp-content\/uploads\/elementor\/thumbs\/golf-catllar-costa-hotelyola-1-rdvddj5hyebdxbkfb8zaaa2eyp17b18xmw1wbku5gc.jpg\" title=\"golf-catllar-costa-hotelyola.jpg\" alt=\"golf-catllar-costa-hotelyola\" loading=\"lazy\" \/>\t\t\t\t\t\t\t\t\t\t\t\t\t\t\t<\/div>\n\t\t\t\t\t<\/div>\n\t\t<\/div>\n\t\t\t\t<div class=\"elementor-column elementor-col-50 elementor-top-column elementor-element elementor-element-ff1245d\" data-id=\"ff1245d\" data-element_type=\"column\">\n\t\t\t<div class=\"elementor-widget-wrap elementor-element-populated\">\n\t\t\t\t\t\t<div class=\"elementor-element elementor-element-afbf8d0 elementor-widget elementor-widget-heading\" data-id=\"afbf8d0\" data-element_type=\"widget\" data-widget_type=\"heading.default\">\n\t\t\t\t\t<h2 class=\"elementor-heading-title elementor-size-default\">Golf<\/h2>\t\t\t\t<\/div>\n\t\t\t\t<div class=\"elementor-element elementor-element-7839ea5 elementor-widget elementor-widget-text-editor\" data-id=\"7839ea5\" data-element_type=\"widget\" data-widget_type=\"text-editor.default\">\n\t\t\t\t\t\t\t\t\t<p>La Costa Daurada \u00e9s una destinaci\u00f3 privilegiada per als amants del golf. Amb diversos camps de primer nivell ubicats entre suaus turons, boscos mediterranis i vistes al mar, ofereix un entorn ideal per practicar aquest esport tot l&#8217;any i on podr\u00e0s gaudir de recorreguts dissenyats amb precisi\u00f3, excel\u00b7lents instal\u00b7lacions i un clima immillorable.<\/p><p>Tant si ets un jugador experimentat com si t&#8217;est\u00e0s iniciant, el golf a la Costa Daurada \u00e9s una experi\u00e8ncia que combina<strong> esport, paisatges i relaxaci\u00f3 en plena natura.<\/strong><\/p>\t\t\t\t\t\t\t\t<\/div>\n\t\t\t\t\t<\/div>\n\t\t<\/div>\n\t\t\t\t\t<\/div>\n\t\t<\/section>\n\t\t\t\t<section class=\"elementor-section elementor-top-section elementor-element elementor-element-eb5d3d1 elementor-section-boxed elementor-section-height-default elementor-section-height-default\" data-id=\"eb5d3d1\" data-element_type=\"section\">\n\t\t\t\t\t\t<div class=\"elementor-container elementor-column-gap-default\">\n\t\t\t\t\t<div class=\"elementor-column elementor-col-50 elementor-top-column elementor-element elementor-element-2c5659b\" data-id=\"2c5659b\" data-element_type=\"column\">\n\t\t\t<div class=\"elementor-widget-wrap elementor-element-populated\">\n\t\t\t\t\t\t<div class=\"elementor-element elementor-element-377e7fe elementor-widget elementor-widget-heading\" data-id=\"377e7fe\" data-element_type=\"widget\" data-widget_type=\"heading.default\">\n\t\t\t\t\t<h2 class=\"elementor-heading-title elementor-size-default\">Rutes en bicicleta<\/h2>\t\t\t\t<\/div>\n\t\t\t\t<div class=\"elementor-element elementor-element-d2e9cd9 elementor-widget elementor-widget-text-editor\" data-id=\"d2e9cd9\" data-element_type=\"widget\" data-widget_type=\"text-editor.default\">\n\t\t\t\t\t\t\t\t\t<p>Explora la Costa Daurada sobre dues rodes i descobreix paisatges mediterranis plens d\u00b4encant. Des d&#8217;Altafulla pots accedir a una gran varietat de rutes amb bicicleta, tant per a aficionats com per a ciclistes experimentats.<\/p><p>Recorre corriols que creuen boscos i pobles amb hist\u00f2ria. Molt a prop trobareu rutes senyalitzades que connecten amb el <strong>Cam\u00ed de Ronda, <\/strong>la<strong> Ruta del Cister <\/strong>o la<strong> Via Augusta.<\/strong><\/p><p>Amb un clima suau tot l\u00b4any i una gran oferta de camins rurals i vies verdes, la Costa Daurada \u00e9s un aut\u00e8ntic parad\u00eds per gaudir del ciclisme en plena natura.<\/p>\t\t\t\t\t\t\t\t<\/div>\n\t\t\t\t<div class=\"elementor-element elementor-element-b48184a elementor-align-center elementor-widget elementor-widget-button\" data-id=\"b48184a\" data-element_type=\"widget\" data-widget_type=\"button.default\">\n\t\t\t\t\t\t\t\t\t\t<a class=\"elementor-button elementor-button-link elementor-size-sm\" href=\"https:\/\/es.wikiloc.com\/rutas\/mountain-bike\/espana\/catalunya\/altafulla\">\n\t\t\t\t\t\t<span class=\"elementor-button-content-wrapper\">\n\t\t\t\t\t\t\t\t\t<span class=\"elementor-button-text\">Descobreix les rutes<\/span>\n\t\t\t\t\t<\/span>\n\t\t\t\t\t<\/a>\n\t\t\t\t\t\t\t\t<\/div>\n\t\t\t\t\t<\/div>\n\t\t<\/div>\n\t\t\t\t<div class=\"elementor-column elementor-col-50 elementor-top-column elementor-element elementor-element-125d22e\" data-id=\"125d22e\" data-element_type=\"column\">\n\t\t\t<div class=\"elementor-widget-wrap elementor-element-populated\">\n\t\t\t\t\t\t<div class=\"elementor-element elementor-element-7a1005b elementor-widget elementor-widget-image\" data-id=\"7a1005b\" data-element_type=\"widget\" data-widget_type=\"image.default\">\n\t\t\t\t\t\t\t\t\t\t\t\t\t\t\t<img loading=\"lazy\" decoding=\"async\" width=\"600\" height=\"438\" src=\"https:\/\/hotelyola.com\/wp-content\/uploads\/Hotel-Yola-Bicicleting01-1.jpg\" class=\"attachment-large size-large wp-image-7589\" alt=\"Hotel-Yola-Bicicleting\" srcset=\"https:\/\/hotelyola.com\/wp-content\/uploads\/Hotel-Yola-Bicicleting01-1.jpg 600w, https:\/\/hotelyola.com\/wp-content\/uploads\/Hotel-Yola-Bicicleting01-1-300x219.jpg 300w\" sizes=\"(max-width: 600px) 100vw, 600px\" \/>\t\t\t\t\t\t\t\t\t\t\t\t\t\t\t<\/div>\n\t\t\t\t\t<\/div>\n\t\t<\/div>\n\t\t\t\t\t<\/div>\n\t\t<\/section>\n\t\t\t\t<\/div>\n\t\t","protected":false},"excerpt":{"rendered":"<p>ESPORT Instal\u00b7lacions Esportives Altafulla compta amb una xarxa d&#8217;instal\u00b7lacions esportives excel\u00b7lent, integrades en un entorn natural privilegiat que convida a l&#8217;activitat f\u00edsica a l&#8217;aire lliure durant tot l&#8217;any. Tant si practiques esport de forma habitual com si nom\u00e9s vols mantenir-te en forma durant la teva estada, trobar\u00e0s m\u00faltiples opcions: camps de futbol, \u200b\u200bpistes de v\u00f2lei [&hellip;]<\/p>\n","protected":false},"author":5,"featured_media":1548,"parent":1540,"menu_order":0,"comment_status":"closed","ping_status":"closed","template":"","meta":{"_monsterinsights_skip_tracking":false,"_monsterinsights_sitenote_active":false,"_monsterinsights_sitenote_note":"","_monsterinsights_sitenote_category":0,"footnotes":""},"class_list":["post-1546","page","type-page","status-publish","has-post-thumbnail","hentry"],"_links":{"self":[{"href":"https:\/\/hotelyola.com\/ca\/wp-json\/wp\/v2\/pages\/1546","targetHints":{"allow":["GET"]}}],"collection":[{"href":"https:\/\/hotelyola.com\/ca\/wp-json\/wp\/v2\/pages"}],"about":[{"href":"https:\/\/hotelyola.com\/ca\/wp-json\/wp\/v2\/types\/page"}],"author":[{"embeddable":true,"href":"https:\/\/hotelyola.com\/ca\/wp-json\/wp\/v2\/users\/5"}],"replies":[{"embeddable":true,"href":"https:\/\/hotelyola.com\/ca\/wp-json\/wp\/v2\/comments?post=1546"}],"version-history":[{"count":9,"href":"https:\/\/hotelyola.com\/ca\/wp-json\/wp\/v2\/pages\/1546\/revisions"}],"predecessor-version":[{"id":8246,"href":"https:\/\/hotelyola.com\/ca\/wp-json\/wp\/v2\/pages\/1546\/revisions\/8246"}],"up":[{"embeddable":true,"href":"https:\/\/hotelyola.com\/ca\/wp-json\/wp\/v2\/pages\/1540"}],"wp:featuredmedia":[{"embeddable":true,"href":"https:\/\/hotelyola.com\/ca\/wp-json\/wp\/v2\/media\/1548"}],"wp:attachment":[{"href":"https:\/\/hotelyola.com\/ca\/wp-json\/wp\/v2\/media?parent=1546"}],"curies":[{"name":"wp","href":"https:\/\/api.w.org\/{rel}","templated":true}]}}