{"id":1509,"date":"2018-11-23T08:55:52","date_gmt":"2018-11-23T08:55:52","guid":{"rendered":"https:\/\/hotelyola.com\/?page_id=1509"},"modified":"2026-01-30T10:31:38","modified_gmt":"2026-01-30T10:31:38","slug":"l-hotel","status":"publish","type":"page","link":"https:\/\/hotelyola.com\/ca\/l-hotel\/","title":{"rendered":"L&#8217; hotel"},"content":{"rendered":"\t\t<div data-elementor-type=\"wp-page\" data-elementor-id=\"1509\" class=\"elementor elementor-1509 elementor-163\" data-elementor-post-type=\"page\">\n\t\t\t\t\t\t<section class=\"elementor-section elementor-top-section elementor-element elementor-element-b4b2394 elementor-section-height-min-height elementor-section-boxed elementor-section-height-default elementor-section-items-middle\" data-id=\"b4b2394\" data-element_type=\"section\" data-settings=\"{&quot;background_background&quot;:&quot;classic&quot;,&quot;background_motion_fx_motion_fx_scrolling&quot;:&quot;yes&quot;,&quot;background_motion_fx_translateY_effect&quot;:&quot;yes&quot;,&quot;background_motion_fx_translateY_speed&quot;:{&quot;unit&quot;:&quot;px&quot;,&quot;size&quot;:1,&quot;sizes&quot;:[]},&quot;background_motion_fx_translateY_affectedRange&quot;:{&quot;unit&quot;:&quot;%&quot;,&quot;size&quot;:&quot;&quot;,&quot;sizes&quot;:{&quot;start&quot;:0,&quot;end&quot;:100}},&quot;background_motion_fx_devices&quot;:[&quot;desktop&quot;,&quot;tablet&quot;,&quot;mobile&quot;]}\">\n\t\t\t\t\t\t<div class=\"elementor-container elementor-column-gap-default\">\n\t\t\t\t\t<div class=\"elementor-column elementor-col-100 elementor-top-column elementor-element elementor-element-a2b74d0\" data-id=\"a2b74d0\" data-element_type=\"column\">\n\t\t\t<div class=\"elementor-widget-wrap elementor-element-populated\">\n\t\t\t\t\t\t<div class=\"elementor-element elementor-element-b9bea33 elementor-widget elementor-widget-image\" data-id=\"b9bea33\" data-element_type=\"widget\" data-widget_type=\"image.default\">\n\t\t\t\t\t\t\t\t\t\t\t\t\t\t\t<img fetchpriority=\"high\" decoding=\"async\" width=\"512\" height=\"512\" src=\"https:\/\/hotelyola.com\/wp-content\/uploads\/cropped-Badge-Hotel-Restaurant-Yola-1-1.png\" class=\"attachment-large size-large wp-image-7393\" alt=\"\" srcset=\"https:\/\/hotelyola.com\/wp-content\/uploads\/cropped-Badge-Hotel-Restaurant-Yola-1-1.png 512w, https:\/\/hotelyola.com\/wp-content\/uploads\/cropped-Badge-Hotel-Restaurant-Yola-1-1-300x300.png 300w, https:\/\/hotelyola.com\/wp-content\/uploads\/cropped-Badge-Hotel-Restaurant-Yola-1-1-150x150.png 150w\" sizes=\"(max-width: 512px) 100vw, 512px\" \/>\t\t\t\t\t\t\t\t\t\t\t\t\t\t\t<\/div>\n\t\t\t\t\t<\/div>\n\t\t<\/div>\n\t\t\t\t\t<\/div>\n\t\t<\/section>\n\t\t\t\t<section class=\"elementor-section elementor-top-section elementor-element elementor-element-b1bfb2c elementor-section-boxed elementor-section-height-default elementor-section-height-default\" data-id=\"b1bfb2c\" data-element_type=\"section\">\n\t\t\t\t\t\t<div class=\"elementor-container elementor-column-gap-default\">\n\t\t\t\t\t<div class=\"elementor-column elementor-col-100 elementor-top-column elementor-element elementor-element-caf6e42\" data-id=\"caf6e42\" data-element_type=\"column\">\n\t\t\t<div class=\"elementor-widget-wrap elementor-element-populated\">\n\t\t\t\t\t\t<section class=\"elementor-section elementor-inner-section elementor-element elementor-element-021d28f elementor-section-boxed elementor-section-height-default elementor-section-height-default\" data-id=\"021d28f\" data-element_type=\"section\" data-settings=\"{&quot;background_background&quot;:&quot;classic&quot;}\">\n\t\t\t\t\t\t<div class=\"elementor-container elementor-column-gap-default\">\n\t\t\t\t\t<div class=\"elementor-column elementor-col-100 elementor-inner-column elementor-element elementor-element-82d1189\" data-id=\"82d1189\" data-element_type=\"column\" data-settings=\"{&quot;background_background&quot;:&quot;classic&quot;}\">\n\t\t\t<div class=\"elementor-widget-wrap elementor-element-populated\">\n\t\t\t\t\t\t<div class=\"elementor-element elementor-element-c938a89 elementor-widget elementor-widget-heading\" data-id=\"c938a89\" data-element_type=\"widget\" data-widget_type=\"heading.default\">\n\t\t\t\t\t<h1 class=\"elementor-heading-title elementor-size-default\">L' HOTEL<\/h1>\t\t\t\t<\/div>\n\t\t\t\t<div class=\"elementor-element elementor-element-4331181 elementor-widget elementor-widget-heading\" data-id=\"4331181\" data-element_type=\"widget\" data-widget_type=\"heading.default\">\n\t\t\t\t\t<h2 class=\"elementor-heading-title elementor-size-default\">Gaudiu de les vostres vacances<\/h2>\t\t\t\t<\/div>\n\t\t\t\t\t<\/div>\n\t\t<\/div>\n\t\t\t\t\t<\/div>\n\t\t<\/section>\n\t\t\t\t\t<\/div>\n\t\t<\/div>\n\t\t\t\t\t<\/div>\n\t\t<\/section>\n\t\t\t\t<section class=\"elementor-section elementor-top-section elementor-element elementor-element-b2f7d49 elementor-section-boxed elementor-section-height-default elementor-section-height-default\" data-id=\"b2f7d49\" data-element_type=\"section\">\n\t\t\t\t\t\t<div class=\"elementor-container elementor-column-gap-default\">\n\t\t\t\t\t<div class=\"elementor-column elementor-col-100 elementor-top-column elementor-element elementor-element-41ecec9\" data-id=\"41ecec9\" data-element_type=\"column\">\n\t\t\t<div class=\"elementor-widget-wrap elementor-element-populated\">\n\t\t\t\t\t\t<div class=\"elementor-element elementor-element-cd0c767 elementor-widget elementor-widget-text-editor\" data-id=\"cd0c767\" data-element_type=\"widget\" data-widget_type=\"text-editor.default\">\n\t\t\t\t\t\t\t\t\t<h3>L&#8217;hotel Yola \u00e9s a la petita poblaci\u00f3 costanera d&#8217;Altafulla. Es caracteritza pel seu ambient familiar i tranquil on podr\u00e0 gaudir, amb la fam\u00edlia o parella, de les del\u00edcies de la platja i del mar, aix\u00ed com gaudir del seu entorn amb possibilitats infinites de cultura, lleure, esport i gastronomia.<br \/>Les platges s\u00f3n a nom\u00e9s 100 metres de l&#8217;hotel i s\u00f3n de molt f\u00e0cil acc\u00e9s per a totes les edats, sense desnivells i amb una sorra fina i daurada.<br \/>Podreu gaudir tamb\u00e9 de la nostra agradable piscina, localitzada al jard\u00ed i d\u00b4\u00fas exclusiu i privat per als nostres clients.<br \/>Totes les habitacions s\u00f3n espaioses, exteriors i amb climatitzaci\u00f3 individual, tant d&#8217;aire fred com calent. Compten amb bany complet i televisi\u00f3.<br \/>La recepci\u00f3 de l&#8217;hotel \u00e9s oberta les 24 hores i el nostre personal d&#8217;atenci\u00f3 al client us aconsellar\u00e0 i informar\u00e0 sobre tot el que necessiteu: entrades, un transfer, activitats n\u00e0utiques, reserves de restaurants, llocs d&#8217;inter\u00e8s per visitar, etc.<br \/>Desitgem que gaudiu de la vostra estada i us sentiu com a casa; aix\u00f2 \u00e9s el que intentarem sempre.<\/h3>\t\t\t\t\t\t\t\t<\/div>\n\t\t\t\t<div class=\"elementor-element elementor-element-f04a14f elementor-align-center elementor-hidden-desktop elementor-hidden-tablet elementor-hidden-mobile elementor-widget elementor-widget-button\" data-id=\"f04a14f\" data-element_type=\"widget\" data-widget_type=\"button.default\">\n\t\t\t\t\t\t\t\t\t\t<a class=\"elementor-button elementor-button-link elementor-size-sm\" href=\"#\">\n\t\t\t\t\t\t<span class=\"elementor-button-content-wrapper\">\n\t\t\t\t\t\t<span class=\"elementor-button-icon\">\n\t\t\t\t<svg aria-hidden=\"true\" class=\"e-font-icon-svg e-fas-photo-video\" viewBox=\"0 0 640 512\" xmlns=\"http:\/\/www.w3.org\/2000\/svg\"><path d=\"M608 0H160a32 32 0 0 0-32 32v96h160V64h192v320h128a32 32 0 0 0 32-32V32a32 32 0 0 0-32-32zM232 103a9 9 0 0 1-9 9h-30a9 9 0 0 1-9-9V73a9 9 0 0 1 9-9h30a9 9 0 0 1 9 9zm352 208a9 9 0 0 1-9 9h-30a9 9 0 0 1-9-9v-30a9 9 0 0 1 9-9h30a9 9 0 0 1 9 9zm0-104a9 9 0 0 1-9 9h-30a9 9 0 0 1-9-9v-30a9 9 0 0 1 9-9h30a9 9 0 0 1 9 9zm0-104a9 9 0 0 1-9 9h-30a9 9 0 0 1-9-9V73a9 9 0 0 1 9-9h30a9 9 0 0 1 9 9zm-168 57H32a32 32 0 0 0-32 32v288a32 32 0 0 0 32 32h384a32 32 0 0 0 32-32V192a32 32 0 0 0-32-32zM96 224a32 32 0 1 1-32 32 32 32 0 0 1 32-32zm288 224H64v-32l64-64 32 32 128-128 96 96z\"><\/path><\/svg>\t\t\t<\/span>\n\t\t\t\t\t\t\t\t\t<span class=\"elementor-button-text\">VIS\u00cdTE NUESTRA GALER\u00cdA DE FOTOS<\/span>\n\t\t\t\t\t<\/span>\n\t\t\t\t\t<\/a>\n\t\t\t\t\t\t\t\t<\/div>\n\t\t\t\t<div class=\"elementor-element elementor-element-eb68c7a elementor-widget elementor-widget-image\" data-id=\"eb68c7a\" data-element_type=\"widget\" data-widget_type=\"image.default\">\n\t\t\t\t\t\t\t\t\t\t\t\t\t\t\t\t<a href=\"https:\/\/www.secure-hotel-booking.com\/d-edge\/Hotel-Yola\/2YP5\/es\/DateSelection\" target=\"_blank\">\n\t\t\t\t\t\t\t<img decoding=\"async\" width=\"600\" height=\"600\" src=\"https:\/\/hotelyola.com\/wp-content\/uploads\/Reservar-Hotel-Yola-600-1.png\" class=\"elementor-animation-grow attachment-large size-large wp-image-7399\" alt=\"\" srcset=\"https:\/\/hotelyola.com\/wp-content\/uploads\/Reservar-Hotel-Yola-600-1.png 600w, https:\/\/hotelyola.com\/wp-content\/uploads\/Reservar-Hotel-Yola-600-1-300x300.png 300w, https:\/\/hotelyola.com\/wp-content\/uploads\/Reservar-Hotel-Yola-600-1-150x150.png 150w\" sizes=\"(max-width: 600px) 100vw, 600px\" \/>\t\t\t\t\t\t\t\t<\/a>\n\t\t\t\t\t\t\t\t\t\t\t\t\t\t\t<\/div>\n\t\t\t\t\t<\/div>\n\t\t<\/div>\n\t\t\t\t\t<\/div>\n\t\t<\/section>\n\t\t\t\t<section class=\"elementor-section elementor-top-section elementor-element elementor-element-2227f5f elementor-section-boxed elementor-section-height-default elementor-section-height-default\" data-id=\"2227f5f\" data-element_type=\"section\">\n\t\t\t\t\t\t<div class=\"elementor-container elementor-column-gap-default\">\n\t\t\t\t\t<div class=\"elementor-column elementor-col-50 elementor-top-column elementor-element elementor-element-c031160\" data-id=\"c031160\" data-element_type=\"column\" data-settings=\"{&quot;background_background&quot;:&quot;classic&quot;}\">\n\t\t\t<div class=\"elementor-widget-wrap elementor-element-populated\">\n\t\t\t\t\t\t<div class=\"elementor-element elementor-element-3647d3a elementor-widget elementor-widget-heading\" data-id=\"3647d3a\" data-element_type=\"widget\" data-widget_type=\"heading.default\">\n\t\t\t\t\t<h2 class=\"elementor-heading-title elementor-size-default\">Les habitacions<\/h2>\t\t\t\t<\/div>\n\t\t\t\t<div class=\"elementor-element elementor-element-3891f59 elementor-widget elementor-widget-text-editor\" data-id=\"3891f59\" data-element_type=\"widget\" data-widget_type=\"text-editor.default\">\n\t\t\t\t\t\t\t\t\t<p>L&#8217;hotel t\u00e9 36 habitacions exteriors amb climatitzaci\u00f3 independent, tant d&#8217;aire condicionat com de calor, i totes tenen bany complet. Tant els llits com els coixins s\u00f3n d&#8217;un gran confort, per proporcionar a l&#8217;hoste el millor descans possible. Les habitacions estan insonoritzades i tenen una porta doble per a\u00efllar el soroll de l&#8217;exterior.<\/p><p>El nostre hotel \u00e9s ideal si viatja en fam\u00edlia, ja que disposem d&#8217;habitacions amb un llit de matrimoni i un supletori per a nens, aix\u00ed com habitacions qu\u00e0druples, amb dos llits individuals i una doble o amb dos llits bessons.<\/p><p>Per als nostres clients que viatgen sols, les habitacions d&#8217;\u00fas individual s\u00f3n dobles, proporcionant aix\u00ed la mateixa qualitat d&#8217;allotjament que a la resta dels nostres hostes.<\/p><p>La recepci\u00f3 de l&#8217;hotel \u00e9s oberta 24 hores per poder ajudar el nostre hoste en all\u00f2 que necessiti i fer que se senti com a casa. En arribar, ens prenem una mica de temps per explicar-li el funcionament de l&#8217;hotel i proporcionar ajuda en tot el que necessiti per a la seva instal\u00b7laci\u00f3.<\/p>\t\t\t\t\t\t\t\t<\/div>\n\t\t\t\t<div class=\"elementor-element elementor-element-c587019 elementor-align-left elementor-mobile-align-justify elementor-widget elementor-widget-button\" data-id=\"c587019\" data-element_type=\"widget\" data-widget_type=\"button.default\">\n\t\t\t\t\t\t\t\t\t\t<a class=\"elementor-button elementor-button-link elementor-size-sm\" href=\"https:\/\/hotelyola.com\/el-hotel\/habitaciones\/\">\n\t\t\t\t\t\t<span class=\"elementor-button-content-wrapper\">\n\t\t\t\t\t\t\t\t\t<span class=\"elementor-button-text\">HABITACIONS<\/span>\n\t\t\t\t\t<\/span>\n\t\t\t\t\t<\/a>\n\t\t\t\t\t\t\t\t<\/div>\n\t\t\t\t\t<\/div>\n\t\t<\/div>\n\t\t\t\t<div class=\"elementor-column elementor-col-50 elementor-top-column elementor-element elementor-element-70876d1\" data-id=\"70876d1\" data-element_type=\"column\" data-settings=\"{&quot;background_background&quot;:&quot;classic&quot;,&quot;background_motion_fx_motion_fx_scrolling&quot;:&quot;yes&quot;,&quot;background_motion_fx_translateY_effect&quot;:&quot;yes&quot;,&quot;background_motion_fx_translateY_speed&quot;:{&quot;unit&quot;:&quot;px&quot;,&quot;size&quot;:1,&quot;sizes&quot;:[]},&quot;background_motion_fx_translateY_affectedRange&quot;:{&quot;unit&quot;:&quot;%&quot;,&quot;size&quot;:&quot;&quot;,&quot;sizes&quot;:{&quot;start&quot;:0,&quot;end&quot;:100}},&quot;background_motion_fx_devices&quot;:[&quot;desktop&quot;,&quot;tablet&quot;,&quot;mobile&quot;]}\">\n\t\t\t<div class=\"elementor-widget-wrap elementor-element-populated\">\n\t\t\t\t\t\t<div class=\"elementor-element elementor-element-ed4c98b elementor-widget elementor-widget-spacer\" data-id=\"ed4c98b\" data-element_type=\"widget\" data-widget_type=\"spacer.default\">\n\t\t\t\t\t\t\t<div class=\"elementor-spacer\">\n\t\t\t<div class=\"elementor-spacer-inner\"><\/div>\n\t\t<\/div>\n\t\t\t\t\t\t<\/div>\n\t\t\t\t\t<\/div>\n\t\t<\/div>\n\t\t\t\t\t<\/div>\n\t\t<\/section>\n\t\t\t\t<section class=\"elementor-section elementor-top-section elementor-element elementor-element-5393706 elementor-reverse-mobile elementor-section-boxed elementor-section-height-default elementor-section-height-default\" data-id=\"5393706\" data-element_type=\"section\">\n\t\t\t\t\t\t<div class=\"elementor-container elementor-column-gap-default\">\n\t\t\t\t\t<div class=\"elementor-column elementor-col-50 elementor-top-column elementor-element elementor-element-3d6b27c\" data-id=\"3d6b27c\" data-element_type=\"column\" data-settings=\"{&quot;background_background&quot;:&quot;classic&quot;,&quot;background_motion_fx_motion_fx_scrolling&quot;:&quot;yes&quot;,&quot;background_motion_fx_translateY_effect&quot;:&quot;yes&quot;,&quot;background_motion_fx_translateY_speed&quot;:{&quot;unit&quot;:&quot;px&quot;,&quot;size&quot;:1,&quot;sizes&quot;:[]},&quot;background_motion_fx_translateY_affectedRange&quot;:{&quot;unit&quot;:&quot;%&quot;,&quot;size&quot;:&quot;&quot;,&quot;sizes&quot;:{&quot;start&quot;:0,&quot;end&quot;:100}},&quot;background_motion_fx_devices&quot;:[&quot;desktop&quot;,&quot;tablet&quot;,&quot;mobile&quot;]}\">\n\t\t\t<div class=\"elementor-widget-wrap elementor-element-populated\">\n\t\t\t\t\t\t<div class=\"elementor-element elementor-element-0a4fd0c elementor-widget elementor-widget-spacer\" data-id=\"0a4fd0c\" data-element_type=\"widget\" data-widget_type=\"spacer.default\">\n\t\t\t\t\t\t\t<div class=\"elementor-spacer\">\n\t\t\t<div class=\"elementor-spacer-inner\"><\/div>\n\t\t<\/div>\n\t\t\t\t\t\t<\/div>\n\t\t\t\t\t<\/div>\n\t\t<\/div>\n\t\t\t\t<div class=\"elementor-column elementor-col-50 elementor-top-column elementor-element elementor-element-d8a685d\" data-id=\"d8a685d\" data-element_type=\"column\" data-settings=\"{&quot;background_background&quot;:&quot;classic&quot;}\">\n\t\t\t<div class=\"elementor-widget-wrap elementor-element-populated\">\n\t\t\t\t\t\t<div class=\"elementor-element elementor-element-9117608 elementor-widget elementor-widget-heading\" data-id=\"9117608\" data-element_type=\"widget\" data-widget_type=\"heading.default\">\n\t\t\t\t\t<h2 class=\"elementor-heading-title elementor-size-default\">L' espai<\/h2>\t\t\t\t<\/div>\n\t\t\t\t<div class=\"elementor-element elementor-element-d31ef13 elementor-widget elementor-widget-text-editor\" data-id=\"d31ef13\" data-element_type=\"widget\" data-widget_type=\"text-editor.default\">\n\t\t\t\t\t\t\t\t\t<p>L&#8217;hotel disposa de diversos espais per poder passar una estona tranquil\u00b7la llegint, prenent un refresc o simplement xerrant. A m\u00e9s del nostre sal\u00f3 de la recepci\u00f3 que tamb\u00e9 t\u00e9 televisor, tenim un ampli jard\u00ed amb gandules, taules i gespa on poder tombar-se a prendre el sol.<\/p><p>Tamb\u00e9 podreu gaudir de la nostra magn\u00edfica piscina d&#8217;aigua salada, situada al nostre jard\u00ed i d&#8217;\u00fas exclusiu per als nostres clients.<\/p><p>El servei de menjars \u00e9s de bufet, i el restaurant de l&#8217;hotel es caracteritza per servir una gastronomia tradicional catalana, amb plats elaborats a partir de receptes originals i casolanes. L&#8217;esmorzar tamb\u00e9 \u00e9s de bufet; un esmorzar mediterrani servit al nostre meravell\u00f3s menjador de jard\u00ed, amb tot tipus de brioixeria, cereals, sucs, tes, caf\u00e8s, torrades, embotits, pa amb tom\u00e0quet, i un llarg etc\u00e8tera.<\/p><p>Si teniu pensat passar el dia fora, a la platja, o fer alguna excursi\u00f3, us podem oferir un servei de p\u00edcnic, amb fruita fresca i alguns aliments que vulgueu.<\/p><p>La connexi\u00f3 WIFI \u00e9s de lliure acc\u00e9s, arriba tant a les habitacions com a totes les instal\u00b7lacions de l&#8217;hotel, i la clau us ser\u00e0 proporcionada en arribar.<\/p>\t\t\t\t\t\t\t\t<\/div>\n\t\t\t\t<div class=\"elementor-element elementor-element-66b7a24 elementor-align-left elementor-mobile-align-justify elementor-widget elementor-widget-button\" data-id=\"66b7a24\" data-element_type=\"widget\" data-widget_type=\"button.default\">\n\t\t\t\t\t\t\t\t\t\t<a class=\"elementor-button elementor-button-link elementor-size-sm\" href=\"https:\/\/hotelyola.com\/el-hotel\/servicios\/\">\n\t\t\t\t\t\t<span class=\"elementor-button-content-wrapper\">\n\t\t\t\t\t\t\t\t\t<span class=\"elementor-button-text\">ESPAI<\/span>\n\t\t\t\t\t<\/span>\n\t\t\t\t\t<\/a>\n\t\t\t\t\t\t\t\t<\/div>\n\t\t\t\t\t<\/div>\n\t\t<\/div>\n\t\t\t\t\t<\/div>\n\t\t<\/section>\n\t\t\t\t<section class=\"elementor-section elementor-top-section elementor-element elementor-element-7de378b elementor-section-boxed elementor-section-height-default elementor-section-height-default\" data-id=\"7de378b\" data-element_type=\"section\">\n\t\t\t\t\t\t<div class=\"elementor-container elementor-column-gap-default\">\n\t\t\t\t\t<div class=\"elementor-column elementor-col-100 elementor-top-column elementor-element elementor-element-448f20f\" data-id=\"448f20f\" data-element_type=\"column\">\n\t\t\t<div class=\"elementor-widget-wrap elementor-element-populated\">\n\t\t\t\t\t\t<div class=\"elementor-element elementor-element-a302573 elementor-widget elementor-widget-image\" data-id=\"a302573\" data-element_type=\"widget\" data-widget_type=\"image.default\">\n\t\t\t\t\t\t\t\t\t\t\t\t\t\t\t\t<a href=\"https:\/\/www.secure-hotel-booking.com\/d-edge\/Hotel-Yola\/2YP5\/es\/DateSelection\" target=\"_blank\">\n\t\t\t\t\t\t\t<img decoding=\"async\" width=\"600\" height=\"600\" src=\"https:\/\/hotelyola.com\/wp-content\/uploads\/Reservar-Hotel-Yola-600-1.png\" class=\"elementor-animation-grow attachment-large size-large wp-image-7399\" alt=\"\" srcset=\"https:\/\/hotelyola.com\/wp-content\/uploads\/Reservar-Hotel-Yola-600-1.png 600w, https:\/\/hotelyola.com\/wp-content\/uploads\/Reservar-Hotel-Yola-600-1-300x300.png 300w, https:\/\/hotelyola.com\/wp-content\/uploads\/Reservar-Hotel-Yola-600-1-150x150.png 150w\" sizes=\"(max-width: 600px) 100vw, 600px\" \/>\t\t\t\t\t\t\t\t<\/a>\n\t\t\t\t\t\t\t\t\t\t\t\t\t\t\t<\/div>\n\t\t\t\t\t<\/div>\n\t\t<\/div>\n\t\t\t\t\t<\/div>\n\t\t<\/section>\n\t\t\t\t<\/div>\n\t\t","protected":false},"excerpt":{"rendered":"<p>L&#8217; HOTEL Gaudiu de les vostres vacances L&#8217;hotel Yola \u00e9s a la petita poblaci\u00f3 costanera d&#8217;Altafulla. Es caracteritza pel seu ambient familiar i tranquil on podr\u00e0 gaudir, amb la fam\u00edlia o parella, de les del\u00edcies de la platja i del mar, aix\u00ed com gaudir del seu entorn amb possibilitats infinites de cultura, lleure, esport i [&hellip;]<\/p>\n","protected":false},"author":5,"featured_media":647,"parent":0,"menu_order":0,"comment_status":"closed","ping_status":"closed","template":"","meta":{"_monsterinsights_skip_tracking":false,"_monsterinsights_sitenote_active":false,"_monsterinsights_sitenote_note":"","_monsterinsights_sitenote_category":0,"footnotes":""},"class_list":["post-1509","page","type-page","status-publish","has-post-thumbnail","hentry"],"_links":{"self":[{"href":"https:\/\/hotelyola.com\/ca\/wp-json\/wp\/v2\/pages\/1509","targetHints":{"allow":["GET"]}}],"collection":[{"href":"https:\/\/hotelyola.com\/ca\/wp-json\/wp\/v2\/pages"}],"about":[{"href":"https:\/\/hotelyola.com\/ca\/wp-json\/wp\/v2\/types\/page"}],"author":[{"embeddable":true,"href":"https:\/\/hotelyola.com\/ca\/wp-json\/wp\/v2\/users\/5"}],"replies":[{"embeddable":true,"href":"https:\/\/hotelyola.com\/ca\/wp-json\/wp\/v2\/comments?post=1509"}],"version-history":[{"count":39,"href":"https:\/\/hotelyola.com\/ca\/wp-json\/wp\/v2\/pages\/1509\/revisions"}],"predecessor-version":[{"id":8194,"href":"https:\/\/hotelyola.com\/ca\/wp-json\/wp\/v2\/pages\/1509\/revisions\/8194"}],"wp:featuredmedia":[{"embeddable":true,"href":"https:\/\/hotelyola.com\/ca\/wp-json\/wp\/v2\/media\/647"}],"wp:attachment":[{"href":"https:\/\/hotelyola.com\/ca\/wp-json\/wp\/v2\/media?parent=1509"}],"curies":[{"name":"wp","href":"https:\/\/api.w.org\/{rel}","templated":true}]}}